{"id":162,"date":"2018-12-26T19:40:47","date_gmt":"2018-12-26T19:40:47","guid":{"rendered":"https:\/\/alharia.com\/?page_id=162"},"modified":"2019-09-14T17:46:05","modified_gmt":"2019-09-14T17:46:05","slug":"finca-lage","status":"publish","type":"page","link":"https:\/\/alharia.com\/en\/finca\/finca-lage\/","title":{"rendered":"Location"},"content":{"rendered":"\n<p>The Alhar\u00eda is located in the Genal Valley, the so-called <em>Valle del Genal<\/em>, which is part of the mountain range <em>Serran\u00eda de Ronda<\/em> in the Andalusian province of M\u00e1laga. The finca belongs to the municipality of Genalguacil, whose village is 10 kilometers across dirt roads from the Alhar\u00eda. The finca is located in a secluded location with picturesque views of the Valle del Genal, the surrounding mountains and the villages of Genalguacil, Jubrique, Benerrab\u00e1 and Gauc\u00edn. Due to its location at 375 meters above sea level, the climate is pleasant year-round with average highs of 30\u00b0C in summer and 17\u00b0C in winter.<\/p>\n\n\n\n<p>The <em>Valle del Genal<\/em> is known for its <em>pueblos blancos<\/em>, white villages that are characteristic of this region and got their name from the heat-repellent lime painting of the houses, as well as the exceptionally lush and varied vegetation of Andalusia. The latter also led to efforts to appoint the valley as a nature reserve. In addition, Central and Northern Europeans have increasingly moved to the <em>Valle del Genal<\/em> in recent years, so that today an international community is characteristic for the valley.<\/p>\n\n\n\n<p>The nearest major cities near the Alhar\u00eda are Ronda and Estepona &#8211; each 1.5 hours away by car &#8211; while the provincial capital of M\u00e1laga is a 3 hours&#8217; drive away. All three cities are tourist hotspots of the region. In addition to mass tourism, nature parks, such as the Sierra de Grazalema, or hiking trails, such as the Gran Senda de M\u00e1laga (GR249), which passes directly by the Alhar\u00eda, attract some visitors to the hinterland of Andalusia. <\/p>\n\n\n\n<ul class=\"wp-container-2 wp-block-gallery-1 wp-block-gallery columns-3 is-cropped\"><li class=\"blocks-gallery-item\"><figure><a href=\"https:\/\/alharia.com\/wp-content\/uploads\/2019\/01\/P1020646_red-1024x768.jpg\"><img loading=\"lazy\" width=\"1024\" height=\"768\" src=\"https:\/\/alharia.com\/wp-content\/uploads\/2019\/01\/P1020646_red-1024x768.jpg\" alt=\"\" data-id=\"307\" data-link=\"https:\/\/alharia.com\/galerie\/umgebung\/p1020646_red-2\/\" class=\"wp-image-307\" srcset=\"https:\/\/alharia.com\/wp-content\/uploads\/2019\/01\/P1020646_red-1024x768.jpg 1024w, https:\/\/alharia.com\/wp-content\/uploads\/2019\/01\/P1020646_red-300x225.jpg 300w, https:\/\/alharia.com\/wp-content\/uploads\/2019\/01\/P1020646_red-768x576.jpg 768w, https:\/\/alharia.com\/wp-content\/uploads\/2019\/01\/P1020646_red.jpg 1632w\" sizes=\"(max-width: 706px) 89vw, (max-width: 767px) 82vw, 740px\" \/><\/a><\/figure><\/li><li class=\"blocks-gallery-item\"><figure><a href=\"https:\/\/alharia.com\/wp-content\/uploads\/2019\/01\/P1020647_red-1024x768.jpg\"><img loading=\"lazy\" width=\"1024\" height=\"768\" src=\"https:\/\/alharia.com\/wp-content\/uploads\/2019\/01\/P1020647_red-1024x768.jpg\" alt=\"\" data-id=\"308\" data-link=\"https:\/\/alharia.com\/galerie\/umgebung\/p1020647_red-2\/\" class=\"wp-image-308\" srcset=\"https:\/\/alharia.com\/wp-content\/uploads\/2019\/01\/P1020647_red-1024x768.jpg 1024w, https:\/\/alharia.com\/wp-content\/uploads\/2019\/01\/P1020647_red-300x225.jpg 300w, https:\/\/alharia.com\/wp-content\/uploads\/2019\/01\/P1020647_red-768x576.jpg 768w, https:\/\/alharia.com\/wp-content\/uploads\/2019\/01\/P1020647_red.jpg 1632w\" sizes=\"(max-width: 706px) 89vw, (max-width: 767px) 82vw, 740px\" \/><\/a><\/figure><\/li><li class=\"blocks-gallery-item\"><figure><a href=\"https:\/\/alharia.com\/wp-content\/uploads\/2019\/01\/P1010020_red-1024x768.jpg\"><img loading=\"lazy\" width=\"1024\" height=\"768\" src=\"https:\/\/alharia.com\/wp-content\/uploads\/2019\/01\/P1010020_red-1024x768.jpg\" alt=\"\" data-id=\"310\" data-link=\"https:\/\/alharia.com\/galerie\/umgebung\/p1010020_red-2\/\" class=\"wp-image-310\" srcset=\"https:\/\/alharia.com\/wp-content\/uploads\/2019\/01\/P1010020_red-1024x768.jpg 1024w, https:\/\/alharia.com\/wp-content\/uploads\/2019\/01\/P1010020_red-300x225.jpg 300w, https:\/\/alharia.com\/wp-content\/uploads\/2019\/01\/P1010020_red-768x576.jpg 768w, https:\/\/alharia.com\/wp-content\/uploads\/2019\/01\/P1010020_red.jpg 1632w\" sizes=\"(max-width: 706px) 89vw, (max-width: 767px) 82vw, 740px\" \/><\/a><\/figure><\/li><li class=\"blocks-gallery-item\"><figure><a href=\"https:\/\/alharia.com\/wp-content\/uploads\/2019\/01\/P1010027_red-1024x768.jpg\"><img loading=\"lazy\" width=\"1024\" height=\"768\" src=\"https:\/\/alharia.com\/wp-content\/uploads\/2019\/01\/P1010027_red-1024x768.jpg\" alt=\"\" data-id=\"311\" data-link=\"https:\/\/alharia.com\/galerie\/umgebung\/p1010027_red-2\/\" class=\"wp-image-311\" srcset=\"https:\/\/alharia.com\/wp-content\/uploads\/2019\/01\/P1010027_red-1024x768.jpg 1024w, https:\/\/alharia.com\/wp-content\/uploads\/2019\/01\/P1010027_red-300x225.jpg 300w, https:\/\/alharia.com\/wp-content\/uploads\/2019\/01\/P1010027_red-768x576.jpg 768w, https:\/\/alharia.com\/wp-content\/uploads\/2019\/01\/P1010027_red.jpg 1632w\" sizes=\"(max-width: 706px) 89vw, (max-width: 767px) 82vw, 740px\" \/><\/a><\/figure><\/li><li class=\"blocks-gallery-item\"><figure><a href=\"https:\/\/alharia.com\/wp-content\/uploads\/2019\/01\/P1010086_red-1024x768.jpg\"><img loading=\"lazy\" width=\"1024\" height=\"768\" src=\"https:\/\/alharia.com\/wp-content\/uploads\/2019\/01\/P1010086_red-1024x768.jpg\" alt=\"\" data-id=\"306\" data-link=\"https:\/\/alharia.com\/galerie\/umgebung\/p1010086_red-2\/\" class=\"wp-image-306\" srcset=\"https:\/\/alharia.com\/wp-content\/uploads\/2019\/01\/P1010086_red-1024x768.jpg 1024w, https:\/\/alharia.com\/wp-content\/uploads\/2019\/01\/P1010086_red-300x225.jpg 300w, https:\/\/alharia.com\/wp-content\/uploads\/2019\/01\/P1010086_red-768x576.jpg 768w, https:\/\/alharia.com\/wp-content\/uploads\/2019\/01\/P1010086_red.jpg 1632w\" sizes=\"(max-width: 706px) 89vw, (max-width: 767px) 82vw, 740px\" \/><\/a><\/figure><\/li><li class=\"blocks-gallery-item\"><figure><a href=\"https:\/\/alharia.com\/wp-content\/uploads\/2019\/01\/P1010017_red-1024x768.jpg\"><img loading=\"lazy\" width=\"1024\" height=\"768\" src=\"https:\/\/alharia.com\/wp-content\/uploads\/2019\/01\/P1010017_red-1024x768.jpg\" alt=\"\" data-id=\"309\" data-link=\"https:\/\/alharia.com\/galerie\/umgebung\/p1010017_red-3\/\" class=\"wp-image-309\" srcset=\"https:\/\/alharia.com\/wp-content\/uploads\/2019\/01\/P1010017_red-1024x768.jpg 1024w, https:\/\/alharia.com\/wp-content\/uploads\/2019\/01\/P1010017_red-300x225.jpg 300w, https:\/\/alharia.com\/wp-content\/uploads\/2019\/01\/P1010017_red-768x576.jpg 768w, https:\/\/alharia.com\/wp-content\/uploads\/2019\/01\/P1010017_red.jpg 1632w\" sizes=\"(max-width: 706px) 89vw, (max-width: 767px) 82vw, 740px\" \/><\/a><\/figure><\/li><li class=\"blocks-gallery-item\"><figure><a href=\"https:\/\/alharia.com\/wp-content\/uploads\/2019\/01\/P1010082_red-1024x768.jpg\"><img loading=\"lazy\" width=\"1024\" height=\"768\" src=\"https:\/\/alharia.com\/wp-content\/uploads\/2019\/01\/P1010082_red-1024x768.jpg\" alt=\"\" data-id=\"305\" data-link=\"https:\/\/alharia.com\/galerie\/umgebung\/p1010082_red-2\/\" class=\"wp-image-305\" srcset=\"https:\/\/alharia.com\/wp-content\/uploads\/2019\/01\/P1010082_red-1024x768.jpg 1024w, https:\/\/alharia.com\/wp-content\/uploads\/2019\/01\/P1010082_red-300x225.jpg 300w, https:\/\/alharia.com\/wp-content\/uploads\/2019\/01\/P1010082_red-768x576.jpg 768w, https:\/\/alharia.com\/wp-content\/uploads\/2019\/01\/P1010082_red.jpg 1632w\" sizes=\"(max-width: 706px) 89vw, (max-width: 767px) 82vw, 740px\" \/><\/a><\/figure><\/li><li class=\"blocks-gallery-item\"><figure><a href=\"https:\/\/alharia.com\/wp-content\/uploads\/2019\/01\/P1010069_red-1024x768.jpg\"><img loading=\"lazy\" width=\"1024\" height=\"768\" src=\"https:\/\/alharia.com\/wp-content\/uploads\/2019\/01\/P1010069_red-1024x768.jpg\" alt=\"\" data-id=\"312\" data-link=\"https:\/\/alharia.com\/galerie\/umgebung\/p1010069_red-2\/\" class=\"wp-image-312\" srcset=\"https:\/\/alharia.com\/wp-content\/uploads\/2019\/01\/P1010069_red-1024x768.jpg 1024w, https:\/\/alharia.com\/wp-content\/uploads\/2019\/01\/P1010069_red-300x225.jpg 300w, https:\/\/alharia.com\/wp-content\/uploads\/2019\/01\/P1010069_red-768x576.jpg 768w, https:\/\/alharia.com\/wp-content\/uploads\/2019\/01\/P1010069_red.jpg 1632w\" sizes=\"(max-width: 706px) 89vw, (max-width: 767px) 82vw, 740px\" \/><\/a><\/figure><\/li><li class=\"blocks-gallery-item\"><figure><a href=\"https:\/\/alharia.com\/wp-content\/uploads\/2019\/01\/P1010071_red-768x1024.jpg\"><img loading=\"lazy\" width=\"768\" height=\"1024\" src=\"https:\/\/alharia.com\/wp-content\/uploads\/2019\/01\/P1010071_red-768x1024.jpg\" alt=\"\" data-id=\"313\" data-link=\"https:\/\/alharia.com\/galerie\/umgebung\/p1010071_red-2\/\" class=\"wp-image-313\" srcset=\"https:\/\/alharia.com\/wp-content\/uploads\/2019\/01\/P1010071_red-768x1024.jpg 768w, https:\/\/alharia.com\/wp-content\/uploads\/2019\/01\/P1010071_red-225x300.jpg 225w, https:\/\/alharia.com\/wp-content\/uploads\/2019\/01\/P1010071_red.jpg 1224w\" sizes=\"(max-width: 706px) 89vw, (max-width: 767px) 82vw, 740px\" \/><\/a><\/figure><\/li><li class=\"blocks-gallery-item\"><figure><a href=\"https:\/\/alharia.com\/wp-content\/uploads\/2019\/01\/P1010080_red-1024x768.jpg\"><img loading=\"lazy\" width=\"1024\" height=\"768\" src=\"https:\/\/alharia.com\/wp-content\/uploads\/2019\/01\/P1010080_red-1024x768.jpg\" alt=\"\" data-id=\"314\" data-link=\"https:\/\/alharia.com\/galerie\/umgebung\/p1010080_red-2\/\" class=\"wp-image-314\" srcset=\"https:\/\/alharia.com\/wp-content\/uploads\/2019\/01\/P1010080_red-1024x768.jpg 1024w, https:\/\/alharia.com\/wp-content\/uploads\/2019\/01\/P1010080_red-300x225.jpg 300w, https:\/\/alharia.com\/wp-content\/uploads\/2019\/01\/P1010080_red-768x576.jpg 768w, https:\/\/alharia.com\/wp-content\/uploads\/2019\/01\/P1010080_red.jpg 1632w\" sizes=\"(max-width: 706px) 89vw, (max-width: 767px) 82vw, 740px\" \/><\/a><\/figure><\/li><li class=\"blocks-gallery-item\"><figure><a href=\"https:\/\/alharia.com\/wp-content\/uploads\/2019\/01\/IMG_20180210_183705_red-768x1024.jpg\"><img loading=\"lazy\" width=\"768\" height=\"1024\" src=\"https:\/\/alharia.com\/wp-content\/uploads\/2019\/01\/IMG_20180210_183705_red-768x1024.jpg\" alt=\"\" data-id=\"315\" data-link=\"https:\/\/alharia.com\/galerie\/umgebung\/img_20180210_183705_red\/\" class=\"wp-image-315\" srcset=\"https:\/\/alharia.com\/wp-content\/uploads\/2019\/01\/IMG_20180210_183705_red-768x1024.jpg 768w, https:\/\/alharia.com\/wp-content\/uploads\/2019\/01\/IMG_20180210_183705_red-225x300.jpg 225w, https:\/\/alharia.com\/wp-content\/uploads\/2019\/01\/IMG_20180210_183705_red.jpg 1224w\" sizes=\"(max-width: 706px) 89vw, (max-width: 767px) 82vw, 740px\" \/><\/a><\/figure><\/li><li class=\"blocks-gallery-item\"><figure><a href=\"https:\/\/alharia.com\/wp-content\/uploads\/2019\/01\/P1030857_red-1024x768.jpg\"><img loading=\"lazy\" width=\"1024\" height=\"768\" src=\"https:\/\/alharia.com\/wp-content\/uploads\/2019\/01\/P1030857_red-1024x768.jpg\" alt=\"\" data-id=\"316\" data-link=\"https:\/\/alharia.com\/galerie\/umgebung\/p1030857_red\/\" class=\"wp-image-316\" srcset=\"https:\/\/alharia.com\/wp-content\/uploads\/2019\/01\/P1030857_red-1024x768.jpg 1024w, https:\/\/alharia.com\/wp-content\/uploads\/2019\/01\/P1030857_red-300x225.jpg 300w, https:\/\/alharia.com\/wp-content\/uploads\/2019\/01\/P1030857_red-768x576.jpg 768w, https:\/\/alharia.com\/wp-content\/uploads\/2019\/01\/P1030857_red.jpg 1632w\" sizes=\"(max-width: 706px) 89vw, (max-width: 767px) 82vw, 740px\" \/><\/a><\/figure><\/li><li class=\"blocks-gallery-item\"><figure><a href=\"https:\/\/alharia.com\/wp-content\/uploads\/2019\/01\/P1030849_red-1024x768.jpg\"><img loading=\"lazy\" width=\"1024\" height=\"768\" src=\"https:\/\/alharia.com\/wp-content\/uploads\/2019\/01\/P1030849_red-1024x768.jpg\" alt=\"\" data-id=\"317\" data-link=\"https:\/\/alharia.com\/galerie\/umgebung\/p1030849_red\/\" class=\"wp-image-317\" srcset=\"https:\/\/alharia.com\/wp-content\/uploads\/2019\/01\/P1030849_red-1024x768.jpg 1024w, https:\/\/alharia.com\/wp-content\/uploads\/2019\/01\/P1030849_red-300x225.jpg 300w, https:\/\/alharia.com\/wp-content\/uploads\/2019\/01\/P1030849_red-768x576.jpg 768w, https:\/\/alharia.com\/wp-content\/uploads\/2019\/01\/P1030849_red.jpg 1632w\" sizes=\"(max-width: 706px) 89vw, (max-width: 767px) 82vw, 740px\" \/><\/a><\/figure><\/li><\/ul>\n","protected":false},"excerpt":{"rendered":"<p>The Alhar\u00eda is located in the Genal Valley, the so-called Valle del Genal, which is part of the mountain range Serran\u00eda de Ronda in the Andalusian province of M\u00e1laga. The finca belongs to the municipality of Genalguacil, whose village is 10 kilometers across dirt roads from the Alhar\u00eda. The finca is located in a secluded &hellip; <\/p>\n<p class=\"link-more\"><a href=\"https:\/\/alharia.com\/en\/finca\/finca-lage\/\" class=\"more-link\">Continue reading<span class=\"screen-reader-text\"> &#8220;Location&#8221;<\/span><\/a><\/p>\n","protected":false},"author":7,"featured_media":0,"parent":8,"menu_order":0,"comment_status":"closed","ping_status":"closed","template":"","meta":[],"translation":{"provider":"WPGlobus","version":"3.0.1","language":"en","enabled_languages":["de","en","es"],"languages":{"de":{"title":true,"content":true,"excerpt":false},"en":{"title":true,"content":true,"excerpt":false},"es":{"title":true,"content":true,"excerpt":false}}},"_links":{"self":[{"href":"https:\/\/alharia.com\/en\/wp-json\/wp\/v2\/pages\/162"}],"collection":[{"href":"https:\/\/alharia.com\/en\/wp-json\/wp\/v2\/pages"}],"about":[{"href":"https:\/\/alharia.com\/en\/wp-json\/wp\/v2\/types\/page"}],"author":[{"embeddable":true,"href":"https:\/\/alharia.com\/en\/wp-json\/wp\/v2\/users\/7"}],"replies":[{"embeddable":true,"href":"https:\/\/alharia.com\/en\/wp-json\/wp\/v2\/comments?post=162"}],"version-history":[{"count":5,"href":"https:\/\/alharia.com\/en\/wp-json\/wp\/v2\/pages\/162\/revisions"}],"predecessor-version":[{"id":626,"href":"https:\/\/alharia.com\/en\/wp-json\/wp\/v2\/pages\/162\/revisions\/626"}],"up":[{"embeddable":true,"href":"https:\/\/alharia.com\/en\/wp-json\/wp\/v2\/pages\/8"}],"wp:attachment":[{"href":"https:\/\/alharia.com\/en\/wp-json\/wp\/v2\/media?parent=162"}],"curies":[{"name":"wp","href":"https:\/\/api.w.org\/{rel}","templated":true}]}}