{"id":9,"date":"2018-03-19T09:53:34","date_gmt":"2018-03-19T09:53:34","guid":{"rendered":"https:\/\/alharia.com\/?page_id=9"},"modified":"2019-09-14T17:56:02","modified_gmt":"2019-09-14T17:56:02","slug":"kontakt","status":"publish","type":"page","link":"https:\/\/alharia.com\/en\/kontakt\/","title":{"rendered":"Contact"},"content":{"rendered":"\n<p>Adress: La Alhar\u00eda, 29492 Genalguacil, M\u00e1laga, Espa\u00f1a<\/p>\n\n\n\n<p>E-Mail: hola[at]alharia.com<\/p>\n\n\n\n<p><a href=\"https:\/\/www.wikiloc.com\/offroading-trails\/genalguacil-alharia-2348685\">How to find us<\/a><\/p>\n\n\n\n<figure><iframe loading=\"lazy\" src=\"https:\/\/www.google.com\/maps\/embed?pb=!1m18!1m12!1m3!1d839.1968845743331!2d-5.256467170767775!3d36.518322998750506!2m3!1f0!2f0!3f0!3m2!1i1024!2i768!4f13.1!3m3!1m2!1s0x0%3A0x0!2zMzbCsDMxJzA2LjAiTiA1wrAxNScyMS4zIlc!5e1!3m2!1sde!2ses!4v1541447607794\" allowfullscreen=\"allowfullscreen\" width=\"600\" height=\"450\"><\/iframe><\/figure>\n","protected":false},"excerpt":{"rendered":"<p>Adress: La Alhar\u00eda, 29492 Genalguacil, M\u00e1laga, Espa\u00f1a E-Mail: hola[at]alharia.com How to find us<\/p>\n","protected":false},"author":1,"featured_media":32,"parent":0,"menu_order":0,"comment_status":"closed","ping_status":"closed","template":"","meta":[],"translation":{"provider":"WPGlobus","version":"3.0.1","language":"en","enabled_languages":["de","en","es"],"languages":{"de":{"title":true,"content":true,"excerpt":false},"en":{"title":true,"content":true,"excerpt":false},"es":{"title":true,"content":true,"excerpt":false}}},"_links":{"self":[{"href":"https:\/\/alharia.com\/en\/wp-json\/wp\/v2\/pages\/9"}],"collection":[{"href":"https:\/\/alharia.com\/en\/wp-json\/wp\/v2\/pages"}],"about":[{"href":"https:\/\/alharia.com\/en\/wp-json\/wp\/v2\/types\/page"}],"author":[{"embeddable":true,"href":"https:\/\/alharia.com\/en\/wp-json\/wp\/v2\/users\/1"}],"replies":[{"embeddable":true,"href":"https:\/\/alharia.com\/en\/wp-json\/wp\/v2\/comments?post=9"}],"version-history":[{"count":16,"href":"https:\/\/alharia.com\/en\/wp-json\/wp\/v2\/pages\/9\/revisions"}],"predecessor-version":[{"id":635,"href":"https:\/\/alharia.com\/en\/wp-json\/wp\/v2\/pages\/9\/revisions\/635"}],"wp:featuredmedia":[{"embeddable":true,"href":"https:\/\/alharia.com\/en\/wp-json\/wp\/v2\/media\/32"}],"wp:attachment":[{"href":"https:\/\/alharia.com\/en\/wp-json\/wp\/v2\/media?parent=9"}],"curies":[{"name":"wp","href":"https:\/\/api.w.org\/{rel}","templated":true}]}}