{"id":113,"date":"2018-08-02T21:09:29","date_gmt":"2018-08-02T21:09:29","guid":{"rendered":"http:\/\/alharia.com\/?page_id=113"},"modified":"2019-09-14T17:44:19","modified_gmt":"2019-09-14T17:44:19","slug":"finca-haus","status":"publish","type":"page","link":"https:\/\/alharia.com\/es\/finca\/finca-haus\/","title":{"rendered":"La casa"},"content":{"rendered":"\n<p>Las obras\nde construcci\u00f3n m\u00e1s antiguas de la Alhar\u00eda sin duda tienen m\u00e1s de 500 a\u00f1os. En\nel trascurso de los siglos la casa fue renovada, ampliada y remodelada\ncontinuamente, as\u00ed que hoy en d\u00eda \u2013 mir\u00e1ndola de cerca \u2013 podemos imaginar sus\ndiferentes funciones olvidadas \u2013 e igual en las \u00faltimas d\u00e9cadas hubo mucha\nconstrucci\u00f3n y renovaci\u00f3n. La finca dispone de actualmente siete dormitorios,\nun sal\u00f3n, una cocina y una cocina de procesamiento, los cuales est\u00e1n ubicadas\nen dos pisos alrededor de un patio verde.<\/p>\n\n\n\n<p>Adem\u00e1s, se\ninstal\u00f3 una casita de ba\u00f1o con alberca y sauna (ambas climatizadas con le\u00f1a)\nuna piscina y una alberca como tanque de agua y para refrescarse, un horno de\nbarro, un molino de aceite de oliva, una destiler\u00eda de 100 litros y un taller. <\/p>\n\n\n\n<p>La finca recibe\nla electricidad de su propio sistema fotovoltaico y el agua de sus propias\nfuentes. La fuente m\u00e1s rica est\u00e1 ubicada a un kil\u00f3metro de la casa \u2013 de all\u00ed\nnos abastecemos con agua potable y almacenamos las \u201caguas grises\u201d en tanques. El\nagua se calienta por medio de paneles solares, la calefacci\u00f3n se realiza con\nestufas de le\u00f1a.<\/p>\n\n\n\n<ul class=\"wp-container-2 wp-block-gallery-1 wp-block-gallery columns-3 is-cropped\"><li class=\"blocks-gallery-item\"><figure><a href=\"https:\/\/alharia.com\/wp-content\/uploads\/2019\/01\/DSC01615_red-768x1024.jpg\"><img loading=\"lazy\" width=\"768\" height=\"1024\" src=\"https:\/\/alharia.com\/wp-content\/uploads\/2019\/01\/DSC01615_red-768x1024.jpg\" alt=\"\" data-id=\"372\" data-link=\"https:\/\/alharia.com\/galerie\/haus\/dsc01615_red-2\/\" class=\"wp-image-372\" srcset=\"https:\/\/alharia.com\/wp-content\/uploads\/2019\/01\/DSC01615_red-768x1024.jpg 768w, https:\/\/alharia.com\/wp-content\/uploads\/2019\/01\/DSC01615_red-225x300.jpg 225w, https:\/\/alharia.com\/wp-content\/uploads\/2019\/01\/DSC01615_red.jpg 1224w\" sizes=\"(max-width: 706px) 89vw, (max-width: 767px) 82vw, 740px\" \/><\/a><\/figure><\/li><li class=\"blocks-gallery-item\"><figure><a href=\"https:\/\/alharia.com\/wp-content\/uploads\/2019\/01\/DSC01617_red-768x1024.jpg\"><img loading=\"lazy\" width=\"768\" height=\"1024\" src=\"https:\/\/alharia.com\/wp-content\/uploads\/2019\/01\/DSC01617_red-768x1024.jpg\" alt=\"\" data-id=\"373\" data-link=\"https:\/\/alharia.com\/galerie\/haus\/dsc01617_red-2\/\" class=\"wp-image-373\" srcset=\"https:\/\/alharia.com\/wp-content\/uploads\/2019\/01\/DSC01617_red-768x1024.jpg 768w, https:\/\/alharia.com\/wp-content\/uploads\/2019\/01\/DSC01617_red-225x300.jpg 225w, https:\/\/alharia.com\/wp-content\/uploads\/2019\/01\/DSC01617_red.jpg 1224w\" sizes=\"(max-width: 706px) 89vw, (max-width: 767px) 82vw, 740px\" \/><\/a><\/figure><\/li><li class=\"blocks-gallery-item\"><figure><a href=\"https:\/\/alharia.com\/wp-content\/uploads\/2019\/01\/DSC01793_red-1024x768.jpg\"><img loading=\"lazy\" width=\"1024\" height=\"768\" src=\"https:\/\/alharia.com\/wp-content\/uploads\/2019\/01\/DSC01793_red-1024x768.jpg\" alt=\"\" data-id=\"374\" data-link=\"https:\/\/alharia.com\/galerie\/haus\/dsc01793_red-2\/\" class=\"wp-image-374\" srcset=\"https:\/\/alharia.com\/wp-content\/uploads\/2019\/01\/DSC01793_red-1024x768.jpg 1024w, https:\/\/alharia.com\/wp-content\/uploads\/2019\/01\/DSC01793_red-300x225.jpg 300w, https:\/\/alharia.com\/wp-content\/uploads\/2019\/01\/DSC01793_red-768x576.jpg 768w, https:\/\/alharia.com\/wp-content\/uploads\/2019\/01\/DSC01793_red.jpg 1632w\" sizes=\"(max-width: 706px) 89vw, (max-width: 767px) 82vw, 740px\" \/><\/a><\/figure><\/li><li class=\"blocks-gallery-item\"><figure><a href=\"https:\/\/alharia.com\/wp-content\/uploads\/2019\/01\/P1010137_red-768x1024.jpg\"><img loading=\"lazy\" width=\"768\" height=\"1024\" src=\"https:\/\/alharia.com\/wp-content\/uploads\/2019\/01\/P1010137_red-768x1024.jpg\" alt=\"\" data-id=\"375\" data-link=\"https:\/\/alharia.com\/galerie\/haus\/p1010137_red-3\/\" class=\"wp-image-375\" srcset=\"https:\/\/alharia.com\/wp-content\/uploads\/2019\/01\/P1010137_red-768x1024.jpg 768w, https:\/\/alharia.com\/wp-content\/uploads\/2019\/01\/P1010137_red-225x300.jpg 225w, https:\/\/alharia.com\/wp-content\/uploads\/2019\/01\/P1010137_red.jpg 1224w\" sizes=\"(max-width: 706px) 89vw, (max-width: 767px) 82vw, 740px\" \/><\/a><\/figure><\/li><li class=\"blocks-gallery-item\"><figure><a href=\"https:\/\/alharia.com\/wp-content\/uploads\/2019\/01\/P1030930_red-768x1024.jpg\"><img loading=\"lazy\" width=\"768\" height=\"1024\" src=\"https:\/\/alharia.com\/wp-content\/uploads\/2019\/01\/P1030930_red-768x1024.jpg\" alt=\"\" data-id=\"376\" data-link=\"https:\/\/alharia.com\/galerie\/haus\/p1030930_red-2\/\" class=\"wp-image-376\" srcset=\"https:\/\/alharia.com\/wp-content\/uploads\/2019\/01\/P1030930_red-768x1024.jpg 768w, https:\/\/alharia.com\/wp-content\/uploads\/2019\/01\/P1030930_red-225x300.jpg 225w, https:\/\/alharia.com\/wp-content\/uploads\/2019\/01\/P1030930_red.jpg 1224w\" sizes=\"(max-width: 706px) 89vw, (max-width: 767px) 82vw, 740px\" \/><\/a><\/figure><\/li><li class=\"blocks-gallery-item\"><figure><a href=\"https:\/\/alharia.com\/wp-content\/uploads\/2019\/01\/P1030943_red-768x1024.jpg\"><img loading=\"lazy\" width=\"768\" height=\"1024\" src=\"https:\/\/alharia.com\/wp-content\/uploads\/2019\/01\/P1030943_red-768x1024.jpg\" alt=\"\" data-id=\"377\" data-link=\"https:\/\/alharia.com\/galerie\/haus\/p1030943_red-2\/\" class=\"wp-image-377\" srcset=\"https:\/\/alharia.com\/wp-content\/uploads\/2019\/01\/P1030943_red-768x1024.jpg 768w, https:\/\/alharia.com\/wp-content\/uploads\/2019\/01\/P1030943_red-225x300.jpg 225w, https:\/\/alharia.com\/wp-content\/uploads\/2019\/01\/P1030943_red.jpg 1224w\" sizes=\"(max-width: 706px) 89vw, (max-width: 767px) 82vw, 740px\" \/><\/a><\/figure><\/li><li class=\"blocks-gallery-item\"><figure><a href=\"https:\/\/alharia.com\/wp-content\/uploads\/2019\/01\/P1030954_red-768x1024.jpg\"><img loading=\"lazy\" width=\"768\" height=\"1024\" src=\"https:\/\/alharia.com\/wp-content\/uploads\/2019\/01\/P1030954_red-768x1024.jpg\" alt=\"\" data-id=\"378\" data-link=\"https:\/\/alharia.com\/galerie\/haus\/p1030954_red-2\/\" class=\"wp-image-378\" srcset=\"https:\/\/alharia.com\/wp-content\/uploads\/2019\/01\/P1030954_red-768x1024.jpg 768w, https:\/\/alharia.com\/wp-content\/uploads\/2019\/01\/P1030954_red-225x300.jpg 225w, https:\/\/alharia.com\/wp-content\/uploads\/2019\/01\/P1030954_red.jpg 1224w\" sizes=\"(max-width: 706px) 89vw, (max-width: 767px) 82vw, 740px\" \/><\/a><\/figure><\/li><li class=\"blocks-gallery-item\"><figure><a href=\"https:\/\/alharia.com\/wp-content\/uploads\/2019\/01\/P1030982_red-1-1024x768.jpg\"><img loading=\"lazy\" width=\"1024\" height=\"768\" src=\"https:\/\/alharia.com\/wp-content\/uploads\/2019\/01\/P1030982_red-1-1024x768.jpg\" alt=\"\" data-id=\"380\" data-link=\"https:\/\/alharia.com\/galerie\/haus\/p1030982_red-3\/\" class=\"wp-image-380\" srcset=\"https:\/\/alharia.com\/wp-content\/uploads\/2019\/01\/P1030982_red-1-1024x768.jpg 1024w, https:\/\/alharia.com\/wp-content\/uploads\/2019\/01\/P1030982_red-1-300x225.jpg 300w, https:\/\/alharia.com\/wp-content\/uploads\/2019\/01\/P1030982_red-1-768x576.jpg 768w, https:\/\/alharia.com\/wp-content\/uploads\/2019\/01\/P1030982_red-1.jpg 1632w\" sizes=\"(max-width: 706px) 89vw, (max-width: 767px) 82vw, 740px\" \/><\/a><\/figure><\/li><\/ul>\n","protected":false},"excerpt":{"rendered":"<p>Las obras de construcci\u00f3n m\u00e1s antiguas de la Alhar\u00eda sin duda tienen m\u00e1s de 500 a\u00f1os. En el trascurso de los siglos la casa fue renovada, ampliada y remodelada continuamente, as\u00ed que hoy en d\u00eda \u2013 mir\u00e1ndola de cerca \u2013 podemos imaginar sus diferentes funciones olvidadas \u2013 e igual en las \u00faltimas d\u00e9cadas hubo mucha &hellip; <\/p>\n<p class=\"link-more\"><a href=\"https:\/\/alharia.com\/es\/finca\/finca-haus\/\" class=\"more-link\">Continue reading<span class=\"screen-reader-text\"> &#8220;La casa&#8221;<\/span><\/a><\/p>\n","protected":false},"author":1,"featured_media":0,"parent":8,"menu_order":0,"comment_status":"closed","ping_status":"closed","template":"","meta":[],"translation":{"provider":"WPGlobus","version":"3.0.1","language":"es","enabled_languages":["de","en","es"],"languages":{"de":{"title":true,"content":true,"excerpt":false},"en":{"title":true,"content":true,"excerpt":false},"es":{"title":true,"content":true,"excerpt":false}}},"_links":{"self":[{"href":"https:\/\/alharia.com\/es\/wp-json\/wp\/v2\/pages\/113"}],"collection":[{"href":"https:\/\/alharia.com\/es\/wp-json\/wp\/v2\/pages"}],"about":[{"href":"https:\/\/alharia.com\/es\/wp-json\/wp\/v2\/types\/page"}],"author":[{"embeddable":true,"href":"https:\/\/alharia.com\/es\/wp-json\/wp\/v2\/users\/1"}],"replies":[{"embeddable":true,"href":"https:\/\/alharia.com\/es\/wp-json\/wp\/v2\/comments?post=113"}],"version-history":[{"count":8,"href":"https:\/\/alharia.com\/es\/wp-json\/wp\/v2\/pages\/113\/revisions"}],"predecessor-version":[{"id":625,"href":"https:\/\/alharia.com\/es\/wp-json\/wp\/v2\/pages\/113\/revisions\/625"}],"up":[{"embeddable":true,"href":"https:\/\/alharia.com\/es\/wp-json\/wp\/v2\/pages\/8"}],"wp:attachment":[{"href":"https:\/\/alharia.com\/es\/wp-json\/wp\/v2\/media?parent=113"}],"curies":[{"name":"wp","href":"https:\/\/api.w.org\/{rel}","templated":true}]}}