{"id":122,"date":"2018-08-02T21:27:00","date_gmt":"2018-08-02T21:27:00","guid":{"rendered":"http:\/\/alharia.com\/?page_id=122"},"modified":"2019-09-14T17:40:00","modified_gmt":"2019-09-14T17:40:00","slug":"finca-garten","status":"publish","type":"page","link":"https:\/\/alharia.com\/es\/finca\/finca-garten\/","title":{"rendered":"Los huertos"},"content":{"rendered":"\n<p>Alrededor\nde la casa se establecieron diferentes huertos vegetales y hierbas, los cuales\nest\u00e1n favorecidos por un clima benigno y facilitan buenas cosechas durante todo\nel ano. <\/p>\n\n\n\n<p>Adem\u00e1s, una\ngran diversidad de \u00e1rboles frutales nos endulza la vida \u2013 entre ellos el\naguacate, el mandarino, el limonero, el kumquat, el maracuy\u00e1, el chirimoyo, el\nlichi, el kaki, el n\u00edspero, el feijoa, el manzano, el peral, el albaricoquero,\nel ciruelo, el moral, la vi\u00f1a, la higuera, el granado, el pacano, el nogal, el\navellano, el almendro, el pino, y el algarrobo.\n\nLos huertos vegetales y frutales sirven para la producci\u00f3n de alimentos\npara el consumo propio incluyendo productos procesados como frutas secas, verduras\nsecas, mermelada, zumos, vino, vinagre, aguardiente, licor, cerveza, pan,\nhierbas arom\u00e1ticas, infusiones de hierbas, as\u00ed como verduras escabechadas y\nfermentadas. \n\n\n\n<\/p>\n\n\n\n<ul class=\"wp-container-2 wp-block-gallery-1 wp-block-gallery columns-3 is-cropped\"><li class=\"blocks-gallery-item\"><figure><a href=\"https:\/\/alharia.com\/wp-content\/uploads\/2018\/12\/P1010704_red-1024x768.jpg\"><img loading=\"lazy\" width=\"1024\" height=\"768\" src=\"https:\/\/alharia.com\/wp-content\/uploads\/2018\/12\/P1010704_red-1024x768.jpg\" alt=\"\" data-id=\"221\" data-link=\"https:\/\/alharia.com\/galerie\/garten\/p1010704_red\/\" class=\"wp-image-221\" srcset=\"https:\/\/alharia.com\/wp-content\/uploads\/2018\/12\/P1010704_red-1024x768.jpg 1024w, https:\/\/alharia.com\/wp-content\/uploads\/2018\/12\/P1010704_red-300x225.jpg 300w, https:\/\/alharia.com\/wp-content\/uploads\/2018\/12\/P1010704_red-768x576.jpg 768w, https:\/\/alharia.com\/wp-content\/uploads\/2018\/12\/P1010704_red.jpg 1632w\" sizes=\"(max-width: 706px) 89vw, (max-width: 767px) 82vw, 740px\" \/><\/a><\/figure><\/li><li class=\"blocks-gallery-item\"><figure><a href=\"https:\/\/alharia.com\/wp-content\/uploads\/2018\/12\/P1010705_red-1024x768.jpg\"><img loading=\"lazy\" width=\"1024\" height=\"768\" src=\"https:\/\/alharia.com\/wp-content\/uploads\/2018\/12\/P1010705_red-1024x768.jpg\" alt=\"\" data-id=\"222\" data-link=\"https:\/\/alharia.com\/galerie\/garten\/p1010705_red\/\" class=\"wp-image-222\" srcset=\"https:\/\/alharia.com\/wp-content\/uploads\/2018\/12\/P1010705_red-1024x768.jpg 1024w, https:\/\/alharia.com\/wp-content\/uploads\/2018\/12\/P1010705_red-300x225.jpg 300w, https:\/\/alharia.com\/wp-content\/uploads\/2018\/12\/P1010705_red-768x576.jpg 768w, https:\/\/alharia.com\/wp-content\/uploads\/2018\/12\/P1010705_red.jpg 1632w\" sizes=\"(max-width: 706px) 89vw, (max-width: 767px) 82vw, 740px\" \/><\/a><\/figure><\/li><li class=\"blocks-gallery-item\"><figure><a href=\"https:\/\/alharia.com\/wp-content\/uploads\/2018\/12\/P1010717_red-1024x768.jpg\"><img loading=\"lazy\" width=\"1024\" height=\"768\" src=\"https:\/\/alharia.com\/wp-content\/uploads\/2018\/12\/P1010717_red-1024x768.jpg\" alt=\"\" data-id=\"224\" data-link=\"https:\/\/alharia.com\/galerie\/garten\/p1010717_red\/\" class=\"wp-image-224\" srcset=\"https:\/\/alharia.com\/wp-content\/uploads\/2018\/12\/P1010717_red-1024x768.jpg 1024w, https:\/\/alharia.com\/wp-content\/uploads\/2018\/12\/P1010717_red-300x225.jpg 300w, https:\/\/alharia.com\/wp-content\/uploads\/2018\/12\/P1010717_red-768x576.jpg 768w, https:\/\/alharia.com\/wp-content\/uploads\/2018\/12\/P1010717_red.jpg 1632w\" sizes=\"(max-width: 706px) 89vw, (max-width: 767px) 82vw, 740px\" \/><\/a><\/figure><\/li><li class=\"blocks-gallery-item\"><figure><a href=\"https:\/\/alharia.com\/wp-content\/uploads\/2019\/01\/P1030902_red2-1024x768.jpg\"><img loading=\"lazy\" width=\"1024\" height=\"768\" src=\"https:\/\/alharia.com\/wp-content\/uploads\/2019\/01\/P1030902_red2-1024x768.jpg\" alt=\"\" data-id=\"364\" data-link=\"https:\/\/alharia.com\/galerie\/garten\/p1030902_red2-2\/\" class=\"wp-image-364\" srcset=\"https:\/\/alharia.com\/wp-content\/uploads\/2019\/01\/P1030902_red2-1024x768.jpg 1024w, https:\/\/alharia.com\/wp-content\/uploads\/2019\/01\/P1030902_red2-300x225.jpg 300w, https:\/\/alharia.com\/wp-content\/uploads\/2019\/01\/P1030902_red2-768x576.jpg 768w, https:\/\/alharia.com\/wp-content\/uploads\/2019\/01\/P1030902_red2.jpg 1632w\" sizes=\"(max-width: 706px) 89vw, (max-width: 767px) 82vw, 740px\" \/><\/a><\/figure><\/li><li class=\"blocks-gallery-item\"><figure><a href=\"https:\/\/alharia.com\/wp-content\/uploads\/2019\/01\/P1030921_red2-1024x768.jpg\"><img loading=\"lazy\" width=\"1024\" height=\"768\" src=\"https:\/\/alharia.com\/wp-content\/uploads\/2019\/01\/P1030921_red2-1024x768.jpg\" alt=\"\" data-id=\"365\" data-link=\"https:\/\/alharia.com\/galerie\/garten\/p1030921_red2-2\/\" class=\"wp-image-365\" srcset=\"https:\/\/alharia.com\/wp-content\/uploads\/2019\/01\/P1030921_red2-1024x768.jpg 1024w, https:\/\/alharia.com\/wp-content\/uploads\/2019\/01\/P1030921_red2-300x225.jpg 300w, https:\/\/alharia.com\/wp-content\/uploads\/2019\/01\/P1030921_red2-768x576.jpg 768w, https:\/\/alharia.com\/wp-content\/uploads\/2019\/01\/P1030921_red2.jpg 1632w\" sizes=\"(max-width: 706px) 89vw, (max-width: 767px) 82vw, 740px\" \/><\/a><\/figure><\/li><li class=\"blocks-gallery-item\"><figure><a href=\"https:\/\/alharia.com\/wp-content\/uploads\/2019\/01\/IMG_20180715_085119_red2-1024x768.jpg\"><img loading=\"lazy\" width=\"1024\" height=\"768\" src=\"https:\/\/alharia.com\/wp-content\/uploads\/2019\/01\/IMG_20180715_085119_red2-1024x768.jpg\" alt=\"\" data-id=\"366\" data-link=\"https:\/\/alharia.com\/galerie\/garten\/img_20180715_085119_red2-2\/\" class=\"wp-image-366\" srcset=\"https:\/\/alharia.com\/wp-content\/uploads\/2019\/01\/IMG_20180715_085119_red2-1024x768.jpg 1024w, https:\/\/alharia.com\/wp-content\/uploads\/2019\/01\/IMG_20180715_085119_red2-300x225.jpg 300w, https:\/\/alharia.com\/wp-content\/uploads\/2019\/01\/IMG_20180715_085119_red2-768x576.jpg 768w, https:\/\/alharia.com\/wp-content\/uploads\/2019\/01\/IMG_20180715_085119_red2.jpg 1632w\" sizes=\"(max-width: 706px) 89vw, (max-width: 767px) 82vw, 740px\" \/><\/a><\/figure><\/li><li class=\"blocks-gallery-item\"><figure><a href=\"https:\/\/alharia.com\/wp-content\/uploads\/2019\/01\/IMG_20181029_075835_red2-1024x768.jpg\"><img loading=\"lazy\" width=\"1024\" height=\"768\" src=\"https:\/\/alharia.com\/wp-content\/uploads\/2019\/01\/IMG_20181029_075835_red2-1024x768.jpg\" alt=\"\" data-id=\"367\" data-link=\"https:\/\/alharia.com\/galerie\/garten\/img_20181029_075835_red2-2\/\" class=\"wp-image-367\" srcset=\"https:\/\/alharia.com\/wp-content\/uploads\/2019\/01\/IMG_20181029_075835_red2-1024x768.jpg 1024w, https:\/\/alharia.com\/wp-content\/uploads\/2019\/01\/IMG_20181029_075835_red2-300x225.jpg 300w, https:\/\/alharia.com\/wp-content\/uploads\/2019\/01\/IMG_20181029_075835_red2-768x576.jpg 768w, https:\/\/alharia.com\/wp-content\/uploads\/2019\/01\/IMG_20181029_075835_red2.jpg 1632w\" sizes=\"(max-width: 706px) 89vw, (max-width: 767px) 82vw, 740px\" \/><\/a><\/figure><\/li><li class=\"blocks-gallery-item\"><figure><a href=\"https:\/\/alharia.com\/wp-content\/uploads\/2019\/01\/P1030882_red2-1024x768.jpg\"><img loading=\"lazy\" width=\"1024\" height=\"768\" src=\"https:\/\/alharia.com\/wp-content\/uploads\/2019\/01\/P1030882_red2-1024x768.jpg\" alt=\"\" data-id=\"368\" data-link=\"https:\/\/alharia.com\/galerie\/garten\/p1030882_red2-2\/\" class=\"wp-image-368\" srcset=\"https:\/\/alharia.com\/wp-content\/uploads\/2019\/01\/P1030882_red2-1024x768.jpg 1024w, https:\/\/alharia.com\/wp-content\/uploads\/2019\/01\/P1030882_red2-300x225.jpg 300w, https:\/\/alharia.com\/wp-content\/uploads\/2019\/01\/P1030882_red2-768x576.jpg 768w, https:\/\/alharia.com\/wp-content\/uploads\/2019\/01\/P1030882_red2.jpg 1632w\" sizes=\"(max-width: 706px) 89vw, (max-width: 767px) 82vw, 740px\" \/><\/a><\/figure><\/li><li class=\"blocks-gallery-item\"><figure><a href=\"https:\/\/alharia.com\/wp-content\/uploads\/2019\/01\/P1030896_red2-1024x768.jpg\"><img loading=\"lazy\" width=\"1024\" height=\"768\" src=\"https:\/\/alharia.com\/wp-content\/uploads\/2019\/01\/P1030896_red2-1024x768.jpg\" alt=\"\" data-id=\"369\" data-link=\"https:\/\/alharia.com\/galerie\/garten\/p1030896_red2-2\/\" class=\"wp-image-369\" srcset=\"https:\/\/alharia.com\/wp-content\/uploads\/2019\/01\/P1030896_red2-1024x768.jpg 1024w, https:\/\/alharia.com\/wp-content\/uploads\/2019\/01\/P1030896_red2-300x225.jpg 300w, https:\/\/alharia.com\/wp-content\/uploads\/2019\/01\/P1030896_red2-768x576.jpg 768w, https:\/\/alharia.com\/wp-content\/uploads\/2019\/01\/P1030896_red2.jpg 1632w\" sizes=\"(max-width: 706px) 89vw, (max-width: 767px) 82vw, 740px\" \/><\/a><\/figure><\/li><\/ul>\n","protected":false},"excerpt":{"rendered":"<p>Alrededor de la casa se establecieron diferentes huertos vegetales y hierbas, los cuales est\u00e1n favorecidos por un clima benigno y facilitan buenas cosechas durante todo el ano. Adem\u00e1s, una gran diversidad de \u00e1rboles frutales nos endulza la vida \u2013 entre ellos el aguacate, el mandarino, el limonero, el kumquat, el maracuy\u00e1, el chirimoyo, el lichi, &hellip; <\/p>\n<p class=\"link-more\"><a href=\"https:\/\/alharia.com\/es\/finca\/finca-garten\/\" class=\"more-link\">Continue reading<span class=\"screen-reader-text\"> &#8220;Los huertos&#8221;<\/span><\/a><\/p>\n","protected":false},"author":1,"featured_media":0,"parent":8,"menu_order":0,"comment_status":"closed","ping_status":"closed","template":"","meta":[],"translation":{"provider":"WPGlobus","version":"3.0.1","language":"es","enabled_languages":["de","en","es"],"languages":{"de":{"title":true,"content":true,"excerpt":false},"en":{"title":true,"content":true,"excerpt":false},"es":{"title":true,"content":true,"excerpt":false}}},"_links":{"self":[{"href":"https:\/\/alharia.com\/es\/wp-json\/wp\/v2\/pages\/122"}],"collection":[{"href":"https:\/\/alharia.com\/es\/wp-json\/wp\/v2\/pages"}],"about":[{"href":"https:\/\/alharia.com\/es\/wp-json\/wp\/v2\/types\/page"}],"author":[{"embeddable":true,"href":"https:\/\/alharia.com\/es\/wp-json\/wp\/v2\/users\/1"}],"replies":[{"embeddable":true,"href":"https:\/\/alharia.com\/es\/wp-json\/wp\/v2\/comments?post=122"}],"version-history":[{"count":6,"href":"https:\/\/alharia.com\/es\/wp-json\/wp\/v2\/pages\/122\/revisions"}],"predecessor-version":[{"id":623,"href":"https:\/\/alharia.com\/es\/wp-json\/wp\/v2\/pages\/122\/revisions\/623"}],"up":[{"embeddable":true,"href":"https:\/\/alharia.com\/es\/wp-json\/wp\/v2\/pages\/8"}],"wp:attachment":[{"href":"https:\/\/alharia.com\/es\/wp-json\/wp\/v2\/media?parent=122"}],"curies":[{"name":"wp","href":"https:\/\/api.w.org\/{rel}","templated":true}]}}