{"id":158,"date":"2018-12-26T19:38:46","date_gmt":"2018-12-26T19:38:46","guid":{"rendered":"https:\/\/alharia.com\/?page_id=158"},"modified":"2019-09-14T17:47:31","modified_gmt":"2019-09-14T17:47:31","slug":"finca-wald","status":"publish","type":"page","link":"https:\/\/alharia.com\/es\/finca\/finca-wald\/","title":{"rendered":"El bosque"},"content":{"rendered":"\n<p>De las 25 hect\u00e1reas\nde la Alhar\u00eda manejamos 15 hect\u00e1reas como bosque mixto y dejamos 10 hect\u00e1reas en\npendientes muy pronunciadas como \u00e1rea silvestre. El bosque mixto est\u00e1 compuesto\npor robles, olivos, casta\u00f1os y pinos, de los cuales algunos ya llevan muchos\na\u00f1os mientras otros crecieron despu\u00e9s del incendio del 1995. La especie m\u00e1s com\u00fan\nen la regi\u00f3n es el alcornoque nativo de la regi\u00f3n, de la cual cosechamos y\nvendemos corcho cada 9 a\u00f1os.<\/p>\n\n\n\n<p>Tambi\u00e9n de\ngran importancia son las aceitunas, de las cuales producimos aceite de oliva y\naceitunas de mesa. Adem\u00e1s, cosechamos casta\u00f1as, cortamos le\u00f1a para la calefacci\u00f3n\ny como material de construcci\u00f3n, coleccionamos setas comestibles, hierbas y\nfrutas silvestres, as\u00ed como lav\u00e1ndula para extraer aceite esencial.\n\nAparte de la diversidad de plantas tambi\u00e9n tenemos una gran diversidad\nde animales: sapos, gecos, lagartos, hormigas, ara\u00f1as, cigarras, murci\u00e9lagos,\nrapaces y p\u00e1jaros cantores de todo tipo y muchos m\u00e1s cruzan nuestros caminos\nmuy a menudo. Sin olvidar los jabal\u00edes, que se han reproducido en grandes\ncantidades y peri\u00f3dicamente mueven la tierra en nuestro bosque y en los\nhuertos.\n\n\n\n<\/p>\n\n\n\n<ul class=\"wp-container-2 wp-block-gallery-1 wp-block-gallery columns-3 is-cropped\"><li class=\"blocks-gallery-item\"><figure><a href=\"https:\/\/alharia.com\/wp-content\/uploads\/2019\/01\/P1010506_red-1024x768.jpg\"><img loading=\"lazy\" width=\"1024\" height=\"768\" src=\"https:\/\/alharia.com\/wp-content\/uploads\/2019\/01\/P1010506_red-1024x768.jpg\" alt=\"\" data-id=\"322\" data-link=\"https:\/\/alharia.com\/galerie\/wald\/p1010506_red-2\/\" class=\"wp-image-322\" srcset=\"https:\/\/alharia.com\/wp-content\/uploads\/2019\/01\/P1010506_red-1024x768.jpg 1024w, https:\/\/alharia.com\/wp-content\/uploads\/2019\/01\/P1010506_red-300x225.jpg 300w, https:\/\/alharia.com\/wp-content\/uploads\/2019\/01\/P1010506_red-768x576.jpg 768w, https:\/\/alharia.com\/wp-content\/uploads\/2019\/01\/P1010506_red.jpg 1632w\" sizes=\"(max-width: 706px) 89vw, (max-width: 767px) 82vw, 740px\" \/><\/a><\/figure><\/li><li class=\"blocks-gallery-item\"><figure><a href=\"https:\/\/alharia.com\/wp-content\/uploads\/2019\/01\/P1010508_red-1024x768.jpg\"><img loading=\"lazy\" width=\"1024\" height=\"768\" src=\"https:\/\/alharia.com\/wp-content\/uploads\/2019\/01\/P1010508_red-1024x768.jpg\" alt=\"\" data-id=\"323\" data-link=\"https:\/\/alharia.com\/galerie\/wald\/p1010508_red-2\/\" class=\"wp-image-323\" srcset=\"https:\/\/alharia.com\/wp-content\/uploads\/2019\/01\/P1010508_red-1024x768.jpg 1024w, https:\/\/alharia.com\/wp-content\/uploads\/2019\/01\/P1010508_red-300x225.jpg 300w, https:\/\/alharia.com\/wp-content\/uploads\/2019\/01\/P1010508_red-768x576.jpg 768w, https:\/\/alharia.com\/wp-content\/uploads\/2019\/01\/P1010508_red.jpg 1632w\" sizes=\"(max-width: 706px) 89vw, (max-width: 767px) 82vw, 740px\" \/><\/a><\/figure><\/li><li class=\"blocks-gallery-item\"><figure><a href=\"https:\/\/alharia.com\/wp-content\/uploads\/2019\/01\/P1010668_red-1024x768.jpg\"><img loading=\"lazy\" width=\"1024\" height=\"768\" src=\"https:\/\/alharia.com\/wp-content\/uploads\/2019\/01\/P1010668_red-1024x768.jpg\" alt=\"\" data-id=\"324\" data-link=\"https:\/\/alharia.com\/galerie\/wald\/p1010668_red-2\/\" class=\"wp-image-324\" srcset=\"https:\/\/alharia.com\/wp-content\/uploads\/2019\/01\/P1010668_red-1024x768.jpg 1024w, https:\/\/alharia.com\/wp-content\/uploads\/2019\/01\/P1010668_red-300x225.jpg 300w, https:\/\/alharia.com\/wp-content\/uploads\/2019\/01\/P1010668_red-768x576.jpg 768w, https:\/\/alharia.com\/wp-content\/uploads\/2019\/01\/P1010668_red.jpg 1632w\" sizes=\"(max-width: 706px) 89vw, (max-width: 767px) 82vw, 740px\" \/><\/a><\/figure><\/li><li class=\"blocks-gallery-item\"><figure><a href=\"https:\/\/alharia.com\/wp-content\/uploads\/2019\/01\/P1020131_red-1024x768.jpg\"><img loading=\"lazy\" width=\"1024\" height=\"768\" src=\"https:\/\/alharia.com\/wp-content\/uploads\/2019\/01\/P1020131_red-1024x768.jpg\" alt=\"\" data-id=\"325\" data-link=\"https:\/\/alharia.com\/galerie\/wald\/p1020131_red-2\/\" class=\"wp-image-325\" srcset=\"https:\/\/alharia.com\/wp-content\/uploads\/2019\/01\/P1020131_red-1024x768.jpg 1024w, https:\/\/alharia.com\/wp-content\/uploads\/2019\/01\/P1020131_red-300x225.jpg 300w, https:\/\/alharia.com\/wp-content\/uploads\/2019\/01\/P1020131_red-768x576.jpg 768w, https:\/\/alharia.com\/wp-content\/uploads\/2019\/01\/P1020131_red.jpg 1632w\" sizes=\"(max-width: 706px) 89vw, (max-width: 767px) 82vw, 740px\" \/><\/a><\/figure><\/li><li class=\"blocks-gallery-item\"><figure><a href=\"https:\/\/alharia.com\/wp-content\/uploads\/2019\/01\/P1030040_red-1024x768.jpg\"><img loading=\"lazy\" width=\"1024\" height=\"768\" src=\"https:\/\/alharia.com\/wp-content\/uploads\/2019\/01\/P1030040_red-1024x768.jpg\" alt=\"\" data-id=\"326\" data-link=\"https:\/\/alharia.com\/galerie\/wald\/p1030040_red\/\" class=\"wp-image-326\" srcset=\"https:\/\/alharia.com\/wp-content\/uploads\/2019\/01\/P1030040_red-1024x768.jpg 1024w, https:\/\/alharia.com\/wp-content\/uploads\/2019\/01\/P1030040_red-300x225.jpg 300w, https:\/\/alharia.com\/wp-content\/uploads\/2019\/01\/P1030040_red-768x576.jpg 768w, https:\/\/alharia.com\/wp-content\/uploads\/2019\/01\/P1030040_red.jpg 1632w\" sizes=\"(max-width: 706px) 89vw, (max-width: 767px) 82vw, 740px\" \/><\/a><\/figure><\/li><li class=\"blocks-gallery-item\"><figure><a href=\"https:\/\/alharia.com\/wp-content\/uploads\/2019\/01\/DSC01640_red-1024x400.jpg\"><img loading=\"lazy\" width=\"1024\" height=\"400\" src=\"https:\/\/alharia.com\/wp-content\/uploads\/2019\/01\/DSC01640_red-1024x400.jpg\" alt=\"\" data-id=\"327\" data-link=\"https:\/\/alharia.com\/galerie\/wald\/dsc01640_red\/\" class=\"wp-image-327\" srcset=\"https:\/\/alharia.com\/wp-content\/uploads\/2019\/01\/DSC01640_red-1024x400.jpg 1024w, https:\/\/alharia.com\/wp-content\/uploads\/2019\/01\/DSC01640_red-300x117.jpg 300w, https:\/\/alharia.com\/wp-content\/uploads\/2019\/01\/DSC01640_red-768x300.jpg 768w\" sizes=\"(max-width: 706px) 89vw, (max-width: 767px) 82vw, 740px\" \/><\/a><\/figure><\/li><li class=\"blocks-gallery-item\"><figure><a href=\"https:\/\/alharia.com\/wp-content\/uploads\/2019\/01\/DSC01674_red-1024x768.jpg\"><img loading=\"lazy\" width=\"1024\" height=\"768\" src=\"https:\/\/alharia.com\/wp-content\/uploads\/2019\/01\/DSC01674_red-1024x768.jpg\" alt=\"\" data-id=\"328\" data-link=\"https:\/\/alharia.com\/galerie\/wald\/dsc01674_red\/\" class=\"wp-image-328\" srcset=\"https:\/\/alharia.com\/wp-content\/uploads\/2019\/01\/DSC01674_red-1024x768.jpg 1024w, https:\/\/alharia.com\/wp-content\/uploads\/2019\/01\/DSC01674_red-300x225.jpg 300w, https:\/\/alharia.com\/wp-content\/uploads\/2019\/01\/DSC01674_red-768x576.jpg 768w, https:\/\/alharia.com\/wp-content\/uploads\/2019\/01\/DSC01674_red.jpg 1632w\" sizes=\"(max-width: 706px) 89vw, (max-width: 767px) 82vw, 740px\" \/><\/a><\/figure><\/li><li class=\"blocks-gallery-item\"><figure><a href=\"https:\/\/alharia.com\/wp-content\/uploads\/2019\/01\/IMG_20180215_172230_1_red-1024x768.jpg\"><img loading=\"lazy\" width=\"1024\" height=\"768\" src=\"https:\/\/alharia.com\/wp-content\/uploads\/2019\/01\/IMG_20180215_172230_1_red-1024x768.jpg\" alt=\"\" data-id=\"329\" data-link=\"https:\/\/alharia.com\/galerie\/wald\/img_20180215_172230_1_red\/\" class=\"wp-image-329\" srcset=\"https:\/\/alharia.com\/wp-content\/uploads\/2019\/01\/IMG_20180215_172230_1_red-1024x768.jpg 1024w, https:\/\/alharia.com\/wp-content\/uploads\/2019\/01\/IMG_20180215_172230_1_red-300x225.jpg 300w, https:\/\/alharia.com\/wp-content\/uploads\/2019\/01\/IMG_20180215_172230_1_red-768x576.jpg 768w, https:\/\/alharia.com\/wp-content\/uploads\/2019\/01\/IMG_20180215_172230_1_red.jpg 1632w\" sizes=\"(max-width: 706px) 89vw, (max-width: 767px) 82vw, 740px\" \/><\/a><\/figure><\/li><li class=\"blocks-gallery-item\"><figure><a href=\"https:\/\/alharia.com\/wp-content\/uploads\/2019\/01\/IMG_20181104_182717_red-1024x768.jpg\"><img loading=\"lazy\" width=\"1024\" height=\"768\" src=\"https:\/\/alharia.com\/wp-content\/uploads\/2019\/01\/IMG_20181104_182717_red-1024x768.jpg\" alt=\"\" data-id=\"330\" data-link=\"https:\/\/alharia.com\/galerie\/wald\/img_20181104_182717_red\/\" class=\"wp-image-330\" srcset=\"https:\/\/alharia.com\/wp-content\/uploads\/2019\/01\/IMG_20181104_182717_red-1024x768.jpg 1024w, https:\/\/alharia.com\/wp-content\/uploads\/2019\/01\/IMG_20181104_182717_red-300x225.jpg 300w, https:\/\/alharia.com\/wp-content\/uploads\/2019\/01\/IMG_20181104_182717_red-768x576.jpg 768w, https:\/\/alharia.com\/wp-content\/uploads\/2019\/01\/IMG_20181104_182717_red.jpg 1632w\" sizes=\"(max-width: 706px) 89vw, (max-width: 767px) 82vw, 740px\" \/><\/a><\/figure><\/li><\/ul>\n","protected":false},"excerpt":{"rendered":"<p>De las 25 hect\u00e1reas de la Alhar\u00eda manejamos 15 hect\u00e1reas como bosque mixto y dejamos 10 hect\u00e1reas en pendientes muy pronunciadas como \u00e1rea silvestre. El bosque mixto est\u00e1 compuesto por robles, olivos, casta\u00f1os y pinos, de los cuales algunos ya llevan muchos a\u00f1os mientras otros crecieron despu\u00e9s del incendio del 1995. La especie m\u00e1s com\u00fan &hellip; <\/p>\n<p class=\"link-more\"><a href=\"https:\/\/alharia.com\/es\/finca\/finca-wald\/\" class=\"more-link\">Continue reading<span class=\"screen-reader-text\"> &#8220;El bosque&#8221;<\/span><\/a><\/p>\n","protected":false},"author":7,"featured_media":0,"parent":8,"menu_order":0,"comment_status":"closed","ping_status":"closed","template":"","meta":[],"translation":{"provider":"WPGlobus","version":"3.0.1","language":"es","enabled_languages":["de","en","es"],"languages":{"de":{"title":true,"content":true,"excerpt":false},"en":{"title":true,"content":true,"excerpt":false},"es":{"title":true,"content":true,"excerpt":false}}},"_links":{"self":[{"href":"https:\/\/alharia.com\/es\/wp-json\/wp\/v2\/pages\/158"}],"collection":[{"href":"https:\/\/alharia.com\/es\/wp-json\/wp\/v2\/pages"}],"about":[{"href":"https:\/\/alharia.com\/es\/wp-json\/wp\/v2\/types\/page"}],"author":[{"embeddable":true,"href":"https:\/\/alharia.com\/es\/wp-json\/wp\/v2\/users\/7"}],"replies":[{"embeddable":true,"href":"https:\/\/alharia.com\/es\/wp-json\/wp\/v2\/comments?post=158"}],"version-history":[{"count":6,"href":"https:\/\/alharia.com\/es\/wp-json\/wp\/v2\/pages\/158\/revisions"}],"predecessor-version":[{"id":627,"href":"https:\/\/alharia.com\/es\/wp-json\/wp\/v2\/pages\/158\/revisions\/627"}],"up":[{"embeddable":true,"href":"https:\/\/alharia.com\/es\/wp-json\/wp\/v2\/pages\/8"}],"wp:attachment":[{"href":"https:\/\/alharia.com\/es\/wp-json\/wp\/v2\/media?parent=158"}],"curies":[{"name":"wp","href":"https:\/\/api.w.org\/{rel}","templated":true}]}}