{"id":160,"date":"2018-12-26T19:40:06","date_gmt":"2018-12-26T19:40:06","guid":{"rendered":"https:\/\/alharia.com\/?page_id=160"},"modified":"2019-09-14T17:43:09","modified_gmt":"2019-09-14T17:43:09","slug":"finca-geschichte","status":"publish","type":"page","link":"https:\/\/alharia.com\/es\/finca\/finca-geschichte\/","title":{"rendered":"Historia"},"content":{"rendered":"\n<p>Los\ncimientos de la casa fueron construidos ya hace m\u00e1s de 500 a\u00f1os. Aunque hoy en\nd\u00eda ya no se puede reconstruir su desarrollo en detalle, existen huellas de\nacueductos hist\u00f3ricos, brocales y terrazas de piedra como testigos del vivo\npasado. La Alhar\u00eda serv\u00eda no solo para la agricultura sino como centro local \u2013 todav\u00eda\nen los a\u00f1os 1970 llegaba un maestro a la finca para dar clases a los ni\u00f1os de\nlas fincas en los alrededores. <\/p>\n\n\n\n<p>La Alharia\nest\u00e1 en propiedad de nuestra familia desde el a\u00f1o 1984 cuando Homayun la compr\u00f3.\nEn este tiempo parte de la Alhar\u00eda se hab\u00eda convertido en una ruina. En el a\u00f1o\n1995 un gran incendio forestal destruy\u00f3 dos tercios del bosque, el cual se pudo\nreforestar con el apoyo del estado de Espa\u00f1a, as\u00ed como de voluntarios. La\ncrianza de animales fue despendida despu\u00e9s del incendio para permitir la\nregeneraci\u00f3n del bosque. Anteriormente viv\u00eda un reba\u00f1o de hasta 50 cabras en\nnuestro terreno.&nbsp; <\/p>\n\n\n\n<p>Desde enero\ndel 2019 la finca est\u00e1 en una fase de transici\u00f3n: la casa y el campo fueron trasladados\na la pr\u00f3xima generaci\u00f3n y reorganizados.<\/p>\n\n\n\n<figure class=\"wp-block-image\"><img loading=\"lazy\" width=\"1024\" height=\"682\" src=\"https:\/\/alharia.com\/wp-content\/uploads\/2018\/03\/IMG_1317-1024x682.jpg\" alt=\"\" class=\"wp-image-37\" srcset=\"https:\/\/alharia.com\/wp-content\/uploads\/2018\/03\/IMG_1317-1024x682.jpg 1024w, https:\/\/alharia.com\/wp-content\/uploads\/2018\/03\/IMG_1317-300x200.jpg 300w, https:\/\/alharia.com\/wp-content\/uploads\/2018\/03\/IMG_1317-768x512.jpg 768w, https:\/\/alharia.com\/wp-content\/uploads\/2018\/03\/IMG_1317.jpg 1283w\" sizes=\"(max-width: 706px) 89vw, (max-width: 767px) 82vw, 740px\" \/><\/figure>\n","protected":false},"excerpt":{"rendered":"<p>Los cimientos de la casa fueron construidos ya hace m\u00e1s de 500 a\u00f1os. Aunque hoy en d\u00eda ya no se puede reconstruir su desarrollo en detalle, existen huellas de acueductos hist\u00f3ricos, brocales y terrazas de piedra como testigos del vivo pasado. La Alhar\u00eda serv\u00eda no solo para la agricultura sino como centro local \u2013 todav\u00eda &hellip; <\/p>\n<p class=\"link-more\"><a href=\"https:\/\/alharia.com\/es\/finca\/finca-geschichte\/\" class=\"more-link\">Continue reading<span class=\"screen-reader-text\"> &#8220;Historia&#8221;<\/span><\/a><\/p>\n","protected":false},"author":7,"featured_media":0,"parent":8,"menu_order":0,"comment_status":"closed","ping_status":"closed","template":"","meta":[],"translation":{"provider":"WPGlobus","version":"3.0.1","language":"es","enabled_languages":["de","en","es"],"languages":{"de":{"title":true,"content":true,"excerpt":false},"en":{"title":true,"content":true,"excerpt":false},"es":{"title":true,"content":true,"excerpt":false}}},"_links":{"self":[{"href":"https:\/\/alharia.com\/es\/wp-json\/wp\/v2\/pages\/160"}],"collection":[{"href":"https:\/\/alharia.com\/es\/wp-json\/wp\/v2\/pages"}],"about":[{"href":"https:\/\/alharia.com\/es\/wp-json\/wp\/v2\/types\/page"}],"author":[{"embeddable":true,"href":"https:\/\/alharia.com\/es\/wp-json\/wp\/v2\/users\/7"}],"replies":[{"embeddable":true,"href":"https:\/\/alharia.com\/es\/wp-json\/wp\/v2\/comments?post=160"}],"version-history":[{"count":6,"href":"https:\/\/alharia.com\/es\/wp-json\/wp\/v2\/pages\/160\/revisions"}],"predecessor-version":[{"id":624,"href":"https:\/\/alharia.com\/es\/wp-json\/wp\/v2\/pages\/160\/revisions\/624"}],"up":[{"embeddable":true,"href":"https:\/\/alharia.com\/es\/wp-json\/wp\/v2\/pages\/8"}],"wp:attachment":[{"href":"https:\/\/alharia.com\/es\/wp-json\/wp\/v2\/media?parent=160"}],"curies":[{"name":"wp","href":"https:\/\/api.w.org\/{rel}","templated":true}]}}