{"id":162,"date":"2018-12-26T19:40:47","date_gmt":"2018-12-26T19:40:47","guid":{"rendered":"https:\/\/alharia.com\/?page_id=162"},"modified":"2019-09-14T17:46:05","modified_gmt":"2019-09-14T17:46:05","slug":"finca-lage","status":"publish","type":"page","link":"https:\/\/alharia.com\/es\/finca\/finca-lage\/","title":{"rendered":"Ubicaci\u00f3n"},"content":{"rendered":"\n<p>La Alhar\u00eda\nest\u00e1 ubicada en el Valle del Genal, parte de la cordillera Serran\u00eda de Ronda en\nla provincia andaluz de M\u00e1laga. La finca pertenece al municipio de Genalguacil.\nEl pueblo del mismo nombre queda a 10 kil\u00f3metros de carretera de la Alhar\u00eda. La\nfinca est\u00e1 situada en ubicaci\u00f3n \u00fanica con un panorama pintoresco del Valle del\nGenal, las monta\u00f1as alrededor, as\u00ed como los pueblos Genalguacil, Jubrique,\nBenerrab\u00e1 y Gauc\u00edn. Debido a su altitud a 375 metros sobre el nivel del mar, el\nclima es agradable durante todo el a\u00f1o con un promedio de temperaturas altas a 30\u00b0C\nen el verano y a 17\u00b0C en el invierno.<\/p>\n\n\n\n<p>El Valle del\nGenal es famoso por sus pueblos blancos, caracter\u00edsticos de esa regi\u00f3n, que\nrecibieron su nombre de sus casas con pintura de cal la cual ayuda a defenderse\ndel calor. Otra caracter\u00edstica del valle es la abundante y diversa vegetaci\u00f3n,\nexcepcional para Andaluc\u00eda. Lo \u00faltimo fue raz\u00f3n para iniciativas de declarar el\nvalle como \u00e1rea protegida. Adem\u00e1s, en los \u00faltimos a\u00f1os creci\u00f3 la comunidad de\nhabitantes del centro y norte de Europa, que tambi\u00e9n es caracter\u00edstica por el\nvalle rico en tradici\u00f3n.<\/p>\n\n\n\n<p>Las ciudades m\u00e1s grandes cerca de la Alhar\u00eda son Ronda y Estepona \u2013 cada una a 1,5 horas de distancia en coche. La capital de la provincia M\u00e1laga queda a 3 horas en coche. Las tres ciudades son centros tur\u00edsticos de la regi\u00f3n. Aparte del turismo de gran escala, las reservas naturales como la Sierra de Grazalema, y senderos como la Gran Senda de M\u00e1laga (GR249), que pasa directamente por la Alhar\u00eda, tambi\u00e9n atraen visitantes al interior de Andaluc\u00eda.<\/p>\n\n\n\n<ul class=\"wp-container-2 wp-block-gallery-1 wp-block-gallery columns-3 is-cropped\"><li class=\"blocks-gallery-item\"><figure><a href=\"https:\/\/alharia.com\/wp-content\/uploads\/2019\/01\/P1020646_red-1024x768.jpg\"><img loading=\"lazy\" width=\"1024\" height=\"768\" src=\"https:\/\/alharia.com\/wp-content\/uploads\/2019\/01\/P1020646_red-1024x768.jpg\" alt=\"\" data-id=\"307\" data-link=\"https:\/\/alharia.com\/galerie\/umgebung\/p1020646_red-2\/\" class=\"wp-image-307\" srcset=\"https:\/\/alharia.com\/wp-content\/uploads\/2019\/01\/P1020646_red-1024x768.jpg 1024w, https:\/\/alharia.com\/wp-content\/uploads\/2019\/01\/P1020646_red-300x225.jpg 300w, https:\/\/alharia.com\/wp-content\/uploads\/2019\/01\/P1020646_red-768x576.jpg 768w, https:\/\/alharia.com\/wp-content\/uploads\/2019\/01\/P1020646_red.jpg 1632w\" sizes=\"(max-width: 706px) 89vw, (max-width: 767px) 82vw, 740px\" \/><\/a><\/figure><\/li><li class=\"blocks-gallery-item\"><figure><a href=\"https:\/\/alharia.com\/wp-content\/uploads\/2019\/01\/P1020647_red-1024x768.jpg\"><img loading=\"lazy\" width=\"1024\" height=\"768\" src=\"https:\/\/alharia.com\/wp-content\/uploads\/2019\/01\/P1020647_red-1024x768.jpg\" alt=\"\" data-id=\"308\" data-link=\"https:\/\/alharia.com\/galerie\/umgebung\/p1020647_red-2\/\" class=\"wp-image-308\" srcset=\"https:\/\/alharia.com\/wp-content\/uploads\/2019\/01\/P1020647_red-1024x768.jpg 1024w, https:\/\/alharia.com\/wp-content\/uploads\/2019\/01\/P1020647_red-300x225.jpg 300w, https:\/\/alharia.com\/wp-content\/uploads\/2019\/01\/P1020647_red-768x576.jpg 768w, https:\/\/alharia.com\/wp-content\/uploads\/2019\/01\/P1020647_red.jpg 1632w\" sizes=\"(max-width: 706px) 89vw, (max-width: 767px) 82vw, 740px\" \/><\/a><\/figure><\/li><li class=\"blocks-gallery-item\"><figure><a href=\"https:\/\/alharia.com\/wp-content\/uploads\/2019\/01\/P1010020_red-1024x768.jpg\"><img loading=\"lazy\" width=\"1024\" height=\"768\" src=\"https:\/\/alharia.com\/wp-content\/uploads\/2019\/01\/P1010020_red-1024x768.jpg\" alt=\"\" data-id=\"310\" data-link=\"https:\/\/alharia.com\/galerie\/umgebung\/p1010020_red-2\/\" class=\"wp-image-310\" srcset=\"https:\/\/alharia.com\/wp-content\/uploads\/2019\/01\/P1010020_red-1024x768.jpg 1024w, https:\/\/alharia.com\/wp-content\/uploads\/2019\/01\/P1010020_red-300x225.jpg 300w, https:\/\/alharia.com\/wp-content\/uploads\/2019\/01\/P1010020_red-768x576.jpg 768w, https:\/\/alharia.com\/wp-content\/uploads\/2019\/01\/P1010020_red.jpg 1632w\" sizes=\"(max-width: 706px) 89vw, (max-width: 767px) 82vw, 740px\" \/><\/a><\/figure><\/li><li class=\"blocks-gallery-item\"><figure><a href=\"https:\/\/alharia.com\/wp-content\/uploads\/2019\/01\/P1010027_red-1024x768.jpg\"><img loading=\"lazy\" width=\"1024\" height=\"768\" src=\"https:\/\/alharia.com\/wp-content\/uploads\/2019\/01\/P1010027_red-1024x768.jpg\" alt=\"\" data-id=\"311\" data-link=\"https:\/\/alharia.com\/galerie\/umgebung\/p1010027_red-2\/\" class=\"wp-image-311\" srcset=\"https:\/\/alharia.com\/wp-content\/uploads\/2019\/01\/P1010027_red-1024x768.jpg 1024w, https:\/\/alharia.com\/wp-content\/uploads\/2019\/01\/P1010027_red-300x225.jpg 300w, https:\/\/alharia.com\/wp-content\/uploads\/2019\/01\/P1010027_red-768x576.jpg 768w, https:\/\/alharia.com\/wp-content\/uploads\/2019\/01\/P1010027_red.jpg 1632w\" sizes=\"(max-width: 706px) 89vw, (max-width: 767px) 82vw, 740px\" \/><\/a><\/figure><\/li><li class=\"blocks-gallery-item\"><figure><a href=\"https:\/\/alharia.com\/wp-content\/uploads\/2019\/01\/P1010086_red-1024x768.jpg\"><img loading=\"lazy\" width=\"1024\" height=\"768\" src=\"https:\/\/alharia.com\/wp-content\/uploads\/2019\/01\/P1010086_red-1024x768.jpg\" alt=\"\" data-id=\"306\" data-link=\"https:\/\/alharia.com\/galerie\/umgebung\/p1010086_red-2\/\" class=\"wp-image-306\" srcset=\"https:\/\/alharia.com\/wp-content\/uploads\/2019\/01\/P1010086_red-1024x768.jpg 1024w, https:\/\/alharia.com\/wp-content\/uploads\/2019\/01\/P1010086_red-300x225.jpg 300w, https:\/\/alharia.com\/wp-content\/uploads\/2019\/01\/P1010086_red-768x576.jpg 768w, https:\/\/alharia.com\/wp-content\/uploads\/2019\/01\/P1010086_red.jpg 1632w\" sizes=\"(max-width: 706px) 89vw, (max-width: 767px) 82vw, 740px\" \/><\/a><\/figure><\/li><li class=\"blocks-gallery-item\"><figure><a href=\"https:\/\/alharia.com\/wp-content\/uploads\/2019\/01\/P1010017_red-1024x768.jpg\"><img loading=\"lazy\" width=\"1024\" height=\"768\" src=\"https:\/\/alharia.com\/wp-content\/uploads\/2019\/01\/P1010017_red-1024x768.jpg\" alt=\"\" data-id=\"309\" data-link=\"https:\/\/alharia.com\/galerie\/umgebung\/p1010017_red-3\/\" class=\"wp-image-309\" srcset=\"https:\/\/alharia.com\/wp-content\/uploads\/2019\/01\/P1010017_red-1024x768.jpg 1024w, https:\/\/alharia.com\/wp-content\/uploads\/2019\/01\/P1010017_red-300x225.jpg 300w, https:\/\/alharia.com\/wp-content\/uploads\/2019\/01\/P1010017_red-768x576.jpg 768w, https:\/\/alharia.com\/wp-content\/uploads\/2019\/01\/P1010017_red.jpg 1632w\" sizes=\"(max-width: 706px) 89vw, (max-width: 767px) 82vw, 740px\" \/><\/a><\/figure><\/li><li class=\"blocks-gallery-item\"><figure><a href=\"https:\/\/alharia.com\/wp-content\/uploads\/2019\/01\/P1010082_red-1024x768.jpg\"><img loading=\"lazy\" width=\"1024\" height=\"768\" src=\"https:\/\/alharia.com\/wp-content\/uploads\/2019\/01\/P1010082_red-1024x768.jpg\" alt=\"\" data-id=\"305\" data-link=\"https:\/\/alharia.com\/galerie\/umgebung\/p1010082_red-2\/\" class=\"wp-image-305\" srcset=\"https:\/\/alharia.com\/wp-content\/uploads\/2019\/01\/P1010082_red-1024x768.jpg 1024w, https:\/\/alharia.com\/wp-content\/uploads\/2019\/01\/P1010082_red-300x225.jpg 300w, https:\/\/alharia.com\/wp-content\/uploads\/2019\/01\/P1010082_red-768x576.jpg 768w, https:\/\/alharia.com\/wp-content\/uploads\/2019\/01\/P1010082_red.jpg 1632w\" sizes=\"(max-width: 706px) 89vw, (max-width: 767px) 82vw, 740px\" \/><\/a><\/figure><\/li><li class=\"blocks-gallery-item\"><figure><a href=\"https:\/\/alharia.com\/wp-content\/uploads\/2019\/01\/P1010069_red-1024x768.jpg\"><img loading=\"lazy\" width=\"1024\" height=\"768\" src=\"https:\/\/alharia.com\/wp-content\/uploads\/2019\/01\/P1010069_red-1024x768.jpg\" alt=\"\" data-id=\"312\" data-link=\"https:\/\/alharia.com\/galerie\/umgebung\/p1010069_red-2\/\" class=\"wp-image-312\" srcset=\"https:\/\/alharia.com\/wp-content\/uploads\/2019\/01\/P1010069_red-1024x768.jpg 1024w, https:\/\/alharia.com\/wp-content\/uploads\/2019\/01\/P1010069_red-300x225.jpg 300w, https:\/\/alharia.com\/wp-content\/uploads\/2019\/01\/P1010069_red-768x576.jpg 768w, https:\/\/alharia.com\/wp-content\/uploads\/2019\/01\/P1010069_red.jpg 1632w\" sizes=\"(max-width: 706px) 89vw, (max-width: 767px) 82vw, 740px\" \/><\/a><\/figure><\/li><li class=\"blocks-gallery-item\"><figure><a href=\"https:\/\/alharia.com\/wp-content\/uploads\/2019\/01\/P1010071_red-768x1024.jpg\"><img loading=\"lazy\" width=\"768\" height=\"1024\" src=\"https:\/\/alharia.com\/wp-content\/uploads\/2019\/01\/P1010071_red-768x1024.jpg\" alt=\"\" data-id=\"313\" data-link=\"https:\/\/alharia.com\/galerie\/umgebung\/p1010071_red-2\/\" class=\"wp-image-313\" srcset=\"https:\/\/alharia.com\/wp-content\/uploads\/2019\/01\/P1010071_red-768x1024.jpg 768w, https:\/\/alharia.com\/wp-content\/uploads\/2019\/01\/P1010071_red-225x300.jpg 225w, https:\/\/alharia.com\/wp-content\/uploads\/2019\/01\/P1010071_red.jpg 1224w\" sizes=\"(max-width: 706px) 89vw, (max-width: 767px) 82vw, 740px\" \/><\/a><\/figure><\/li><li class=\"blocks-gallery-item\"><figure><a href=\"https:\/\/alharia.com\/wp-content\/uploads\/2019\/01\/P1010080_red-1024x768.jpg\"><img loading=\"lazy\" width=\"1024\" height=\"768\" src=\"https:\/\/alharia.com\/wp-content\/uploads\/2019\/01\/P1010080_red-1024x768.jpg\" alt=\"\" data-id=\"314\" data-link=\"https:\/\/alharia.com\/galerie\/umgebung\/p1010080_red-2\/\" class=\"wp-image-314\" srcset=\"https:\/\/alharia.com\/wp-content\/uploads\/2019\/01\/P1010080_red-1024x768.jpg 1024w, https:\/\/alharia.com\/wp-content\/uploads\/2019\/01\/P1010080_red-300x225.jpg 300w, https:\/\/alharia.com\/wp-content\/uploads\/2019\/01\/P1010080_red-768x576.jpg 768w, https:\/\/alharia.com\/wp-content\/uploads\/2019\/01\/P1010080_red.jpg 1632w\" sizes=\"(max-width: 706px) 89vw, (max-width: 767px) 82vw, 740px\" \/><\/a><\/figure><\/li><li class=\"blocks-gallery-item\"><figure><a href=\"https:\/\/alharia.com\/wp-content\/uploads\/2019\/01\/IMG_20180210_183705_red-768x1024.jpg\"><img loading=\"lazy\" width=\"768\" height=\"1024\" src=\"https:\/\/alharia.com\/wp-content\/uploads\/2019\/01\/IMG_20180210_183705_red-768x1024.jpg\" alt=\"\" data-id=\"315\" data-link=\"https:\/\/alharia.com\/galerie\/umgebung\/img_20180210_183705_red\/\" class=\"wp-image-315\" srcset=\"https:\/\/alharia.com\/wp-content\/uploads\/2019\/01\/IMG_20180210_183705_red-768x1024.jpg 768w, https:\/\/alharia.com\/wp-content\/uploads\/2019\/01\/IMG_20180210_183705_red-225x300.jpg 225w, https:\/\/alharia.com\/wp-content\/uploads\/2019\/01\/IMG_20180210_183705_red.jpg 1224w\" sizes=\"(max-width: 706px) 89vw, (max-width: 767px) 82vw, 740px\" \/><\/a><\/figure><\/li><li class=\"blocks-gallery-item\"><figure><a href=\"https:\/\/alharia.com\/wp-content\/uploads\/2019\/01\/P1030857_red-1024x768.jpg\"><img loading=\"lazy\" width=\"1024\" height=\"768\" src=\"https:\/\/alharia.com\/wp-content\/uploads\/2019\/01\/P1030857_red-1024x768.jpg\" alt=\"\" data-id=\"316\" data-link=\"https:\/\/alharia.com\/galerie\/umgebung\/p1030857_red\/\" class=\"wp-image-316\" srcset=\"https:\/\/alharia.com\/wp-content\/uploads\/2019\/01\/P1030857_red-1024x768.jpg 1024w, https:\/\/alharia.com\/wp-content\/uploads\/2019\/01\/P1030857_red-300x225.jpg 300w, https:\/\/alharia.com\/wp-content\/uploads\/2019\/01\/P1030857_red-768x576.jpg 768w, https:\/\/alharia.com\/wp-content\/uploads\/2019\/01\/P1030857_red.jpg 1632w\" sizes=\"(max-width: 706px) 89vw, (max-width: 767px) 82vw, 740px\" \/><\/a><\/figure><\/li><li class=\"blocks-gallery-item\"><figure><a href=\"https:\/\/alharia.com\/wp-content\/uploads\/2019\/01\/P1030849_red-1024x768.jpg\"><img loading=\"lazy\" width=\"1024\" height=\"768\" src=\"https:\/\/alharia.com\/wp-content\/uploads\/2019\/01\/P1030849_red-1024x768.jpg\" alt=\"\" data-id=\"317\" data-link=\"https:\/\/alharia.com\/galerie\/umgebung\/p1030849_red\/\" class=\"wp-image-317\" srcset=\"https:\/\/alharia.com\/wp-content\/uploads\/2019\/01\/P1030849_red-1024x768.jpg 1024w, https:\/\/alharia.com\/wp-content\/uploads\/2019\/01\/P1030849_red-300x225.jpg 300w, https:\/\/alharia.com\/wp-content\/uploads\/2019\/01\/P1030849_red-768x576.jpg 768w, https:\/\/alharia.com\/wp-content\/uploads\/2019\/01\/P1030849_red.jpg 1632w\" sizes=\"(max-width: 706px) 89vw, (max-width: 767px) 82vw, 740px\" \/><\/a><\/figure><\/li><\/ul>\n","protected":false},"excerpt":{"rendered":"<p>La Alhar\u00eda est\u00e1 ubicada en el Valle del Genal, parte de la cordillera Serran\u00eda de Ronda en la provincia andaluz de M\u00e1laga. La finca pertenece al municipio de Genalguacil. El pueblo del mismo nombre queda a 10 kil\u00f3metros de carretera de la Alhar\u00eda. La finca est\u00e1 situada en ubicaci\u00f3n \u00fanica con un panorama pintoresco del &hellip; <\/p>\n<p class=\"link-more\"><a href=\"https:\/\/alharia.com\/es\/finca\/finca-lage\/\" class=\"more-link\">Continue reading<span class=\"screen-reader-text\"> &#8220;Ubicaci\u00f3n&#8221;<\/span><\/a><\/p>\n","protected":false},"author":7,"featured_media":0,"parent":8,"menu_order":0,"comment_status":"closed","ping_status":"closed","template":"","meta":[],"translation":{"provider":"WPGlobus","version":"3.0.1","language":"es","enabled_languages":["de","en","es"],"languages":{"de":{"title":true,"content":true,"excerpt":false},"en":{"title":true,"content":true,"excerpt":false},"es":{"title":true,"content":true,"excerpt":false}}},"_links":{"self":[{"href":"https:\/\/alharia.com\/es\/wp-json\/wp\/v2\/pages\/162"}],"collection":[{"href":"https:\/\/alharia.com\/es\/wp-json\/wp\/v2\/pages"}],"about":[{"href":"https:\/\/alharia.com\/es\/wp-json\/wp\/v2\/types\/page"}],"author":[{"embeddable":true,"href":"https:\/\/alharia.com\/es\/wp-json\/wp\/v2\/users\/7"}],"replies":[{"embeddable":true,"href":"https:\/\/alharia.com\/es\/wp-json\/wp\/v2\/comments?post=162"}],"version-history":[{"count":5,"href":"https:\/\/alharia.com\/es\/wp-json\/wp\/v2\/pages\/162\/revisions"}],"predecessor-version":[{"id":626,"href":"https:\/\/alharia.com\/es\/wp-json\/wp\/v2\/pages\/162\/revisions\/626"}],"up":[{"embeddable":true,"href":"https:\/\/alharia.com\/es\/wp-json\/wp\/v2\/pages\/8"}],"wp:attachment":[{"href":"https:\/\/alharia.com\/es\/wp-json\/wp\/v2\/media?parent=162"}],"curies":[{"name":"wp","href":"https:\/\/api.w.org\/{rel}","templated":true}]}}