{"id":164,"date":"2018-12-26T19:41:59","date_gmt":"2018-12-26T19:41:59","guid":{"rendered":"https:\/\/alharia.com\/?page_id=164"},"modified":"2019-09-15T19:35:15","modified_gmt":"2019-09-15T19:35:15","slug":"freunde","status":"publish","type":"page","link":"https:\/\/alharia.com\/es\/freunde\/","title":{"rendered":"Los Amigos"},"content":{"rendered":"\n<p>La Alhar\u00eda est\u00e1 ubicada en la margen de Europa, pero ha atra\u00eddo en las \u00faltimas d\u00e9cadas a muchas personas de todo el mundo. Por un lado, est\u00e1n los amigos que regresan siempre, buscando intercambiar, inspirarse y ampliar sus horizontes, o disfrutando de la vida con la naturaleza y la tranquilidad. Por el otro lado la Alhar\u00eda fue la primera finca de la regi\u00f3n que invitaba en cambio de alojamiento y alimentaci\u00f3n a apoyar en la agricultura, el manejo del bosque y la construcci\u00f3n de la vivienda. As\u00ed llegaban y siempre llegan nuevos visitantes a la finca. Desde hace d\u00e9cadas los amigos y los visitantes contribuyen al desarrollo de la Alhar\u00eda y ayudan a dejarla crecer y florecer. <a href=\"https:\/\/alharia.com\/es\/mitmachen\/\">Actualmente existen dos posibilidades de colaborar en la Alhar\u00eda<\/a>. <\/p>\n\n\n\n<figure class=\"wp-block-image\"><img loading=\"lazy\" width=\"1024\" height=\"768\" src=\"https:\/\/alharia.com\/wp-content\/uploads\/2019\/01\/P1030982_red-1024x768.jpg\" alt=\"\" class=\"wp-image-371\" srcset=\"https:\/\/alharia.com\/wp-content\/uploads\/2019\/01\/P1030982_red-1024x768.jpg 1024w, https:\/\/alharia.com\/wp-content\/uploads\/2019\/01\/P1030982_red-300x225.jpg 300w, https:\/\/alharia.com\/wp-content\/uploads\/2019\/01\/P1030982_red-768x576.jpg 768w, https:\/\/alharia.com\/wp-content\/uploads\/2019\/01\/P1030982_red.jpg 1632w\" sizes=\"(max-width: 706px) 89vw, (max-width: 767px) 82vw, 740px\" \/><\/figure>\n","protected":false},"excerpt":{"rendered":"<p>La Alhar\u00eda est\u00e1 ubicada en la margen de Europa, pero ha atra\u00eddo en las \u00faltimas d\u00e9cadas a muchas personas de todo el mundo. Por un lado, est\u00e1n los amigos que regresan siempre, buscando intercambiar, inspirarse y ampliar sus horizontes, o disfrutando de la vida con la naturaleza y la tranquilidad. Por el otro lado la &hellip; <\/p>\n<p class=\"link-more\"><a href=\"https:\/\/alharia.com\/es\/freunde\/\" class=\"more-link\">Continue reading<span class=\"screen-reader-text\"> &#8220;Los Amigos&#8221;<\/span><\/a><\/p>\n","protected":false},"author":7,"featured_media":0,"parent":0,"menu_order":0,"comment_status":"closed","ping_status":"closed","template":"","meta":[],"translation":{"provider":"WPGlobus","version":"3.0.1","language":"es","enabled_languages":["de","en","es"],"languages":{"de":{"title":true,"content":true,"excerpt":false},"en":{"title":true,"content":true,"excerpt":false},"es":{"title":true,"content":true,"excerpt":false}}},"_links":{"self":[{"href":"https:\/\/alharia.com\/es\/wp-json\/wp\/v2\/pages\/164"}],"collection":[{"href":"https:\/\/alharia.com\/es\/wp-json\/wp\/v2\/pages"}],"about":[{"href":"https:\/\/alharia.com\/es\/wp-json\/wp\/v2\/types\/page"}],"author":[{"embeddable":true,"href":"https:\/\/alharia.com\/es\/wp-json\/wp\/v2\/users\/7"}],"replies":[{"embeddable":true,"href":"https:\/\/alharia.com\/es\/wp-json\/wp\/v2\/comments?post=164"}],"version-history":[{"count":12,"href":"https:\/\/alharia.com\/es\/wp-json\/wp\/v2\/pages\/164\/revisions"}],"predecessor-version":[{"id":688,"href":"https:\/\/alharia.com\/es\/wp-json\/wp\/v2\/pages\/164\/revisions\/688"}],"wp:attachment":[{"href":"https:\/\/alharia.com\/es\/wp-json\/wp\/v2\/media?parent=164"}],"curies":[{"name":"wp","href":"https:\/\/api.w.org\/{rel}","templated":true}]}}