{"id":167,"date":"2018-12-26T19:44:21","date_gmt":"2018-12-26T19:44:21","guid":{"rendered":"https:\/\/alharia.com\/?page_id=167"},"modified":"2019-09-15T19:37:09","modified_gmt":"2019-09-15T19:37:09","slug":"ueber-uns","status":"publish","type":"page","link":"https:\/\/alharia.com\/es\/ueber-uns\/","title":{"rendered":"Acerca de nosotros"},"content":{"rendered":"\n<p>Somos cuatro hermanos \u2013 Laura, Jakob, Anjoulie y Akbar \u2013 los que asumimos juntos con nuestras parejas \u2013 Philipp, Lisa-Mia y Christoph &#8211; la responsabilidad de la Alhar\u00eda de nuestro padre Homayun en enero del 2019. Anteriormente Homayun viv\u00eda y manejaba la Alhar\u00eda durante 35 a\u00f1os junto con sus amigos. Desde que nacimos o desde nuestra infancia pasamos varios a\u00f1os \u2013 o por lo menos uno o varios meses al a\u00f1o \u2013 en la finca. Sin embargo nuestras bases de vida est\u00e1n ahora en Alemania y Austria. <\/p>\n\n\n\n<p>La Alhar\u00eda se\nha convertido en nuestra segunda casa. All\u00ed pasamos las vacaciones y visitamos\na nuestro padre, es donde desarrollamos habilidades artesanales, agr\u00edcolas y\nforestales y donde vivimos con la naturaleza. Amamos esta finca, sus\nalrededores, los vecinos, los desaf\u00edos y la sensaci\u00f3n de vida relacionada. Nos\nencanta ver como nuestros 8 hijos cada vez m\u00e1s comparten este amor.<\/p>\n\n\n\n<p>Por lo tanto, decidimos asumir la responsabilidad de la Alhar\u00eda y mantenerla para verla crecer y florecer. Sin embargo, no podemos pasar mucho m\u00e1s de 6 meses al a\u00f1o en la finca, por los cual estamos buscando posibilidades de mantenerla durante todo el a\u00f1o. All\u00ed confiamos en una de sus grandes fortalezas: la de atraer a personas que buscan intercambiar, inspirarse y ampliar su horizonte, personas que disfrutan de la vida con la naturaleza y de la tranquilidad, y personas apasionadas de actividades artesanales, agr\u00edcolas o forestales o que desean retirarse de la vida cotidiana <a href=\"https:\/\/alharia.com\/es\/mitmachen\/\">y que quieren colaborar en la Alhar\u00eda.<\/a><\/p>\n\n\n\n<figure class=\"wp-block-image\"><img loading=\"lazy\" width=\"1024\" height=\"768\" src=\"https:\/\/alharia.com\/wp-content\/uploads\/2019\/01\/P1030040_red-1024x768.jpg\" alt=\"\" class=\"wp-image-326\" srcset=\"https:\/\/alharia.com\/wp-content\/uploads\/2019\/01\/P1030040_red-1024x768.jpg 1024w, https:\/\/alharia.com\/wp-content\/uploads\/2019\/01\/P1030040_red-300x225.jpg 300w, https:\/\/alharia.com\/wp-content\/uploads\/2019\/01\/P1030040_red-768x576.jpg 768w, https:\/\/alharia.com\/wp-content\/uploads\/2019\/01\/P1030040_red.jpg 1632w\" sizes=\"(max-width: 706px) 89vw, (max-width: 767px) 82vw, 740px\" \/><\/figure>\n","protected":false},"excerpt":{"rendered":"<p>Somos cuatro hermanos \u2013 Laura, Jakob, Anjoulie y Akbar \u2013 los que asumimos juntos con nuestras parejas \u2013 Philipp, Lisa-Mia y Christoph &#8211; la responsabilidad de la Alhar\u00eda de nuestro padre Homayun en enero del 2019. Anteriormente Homayun viv\u00eda y manejaba la Alhar\u00eda durante 35 a\u00f1os junto con sus amigos. Desde que nacimos o desde &hellip; <\/p>\n<p class=\"link-more\"><a href=\"https:\/\/alharia.com\/es\/ueber-uns\/\" class=\"more-link\">Continue reading<span class=\"screen-reader-text\"> &#8220;Acerca de nosotros&#8221;<\/span><\/a><\/p>\n","protected":false},"author":7,"featured_media":0,"parent":0,"menu_order":0,"comment_status":"closed","ping_status":"closed","template":"","meta":[],"translation":{"provider":"WPGlobus","version":"3.0.1","language":"es","enabled_languages":["de","en","es"],"languages":{"de":{"title":true,"content":true,"excerpt":false},"en":{"title":true,"content":true,"excerpt":false},"es":{"title":true,"content":true,"excerpt":false}}},"_links":{"self":[{"href":"https:\/\/alharia.com\/es\/wp-json\/wp\/v2\/pages\/167"}],"collection":[{"href":"https:\/\/alharia.com\/es\/wp-json\/wp\/v2\/pages"}],"about":[{"href":"https:\/\/alharia.com\/es\/wp-json\/wp\/v2\/types\/page"}],"author":[{"embeddable":true,"href":"https:\/\/alharia.com\/es\/wp-json\/wp\/v2\/users\/7"}],"replies":[{"embeddable":true,"href":"https:\/\/alharia.com\/es\/wp-json\/wp\/v2\/comments?post=167"}],"version-history":[{"count":14,"href":"https:\/\/alharia.com\/es\/wp-json\/wp\/v2\/pages\/167\/revisions"}],"predecessor-version":[{"id":689,"href":"https:\/\/alharia.com\/es\/wp-json\/wp\/v2\/pages\/167\/revisions\/689"}],"wp:attachment":[{"href":"https:\/\/alharia.com\/es\/wp-json\/wp\/v2\/media?parent=167"}],"curies":[{"name":"wp","href":"https:\/\/api.w.org\/{rel}","templated":true}]}}