{"id":171,"date":"2018-12-26T19:45:21","date_gmt":"2018-12-26T19:45:21","guid":{"rendered":"https:\/\/alharia.com\/?page_id=171"},"modified":"2019-09-15T19:40:25","modified_gmt":"2019-09-15T19:40:25","slug":"mitmachen","status":"publish","type":"page","link":"https:\/\/alharia.com\/es\/mitmachen\/","title":{"rendered":"C\u00f3mo colaborar"},"content":{"rendered":"\n<p>Existen dos maneras de colaborar en la Alhar\u00eda. Por un lado buscamos personas que se quedan en la Alhar\u00eda para cuidar la finca de manera independiente, ya que actualmente tenemos nuestras bases en Alemania y Austria y no podemos pasar m\u00e1s de 6 meses al a\u00f1o en la finca. Cuidar la finca significa realizar de manera independiente los trabajos diarios \u2013 por ejemplo, alimentar los animales, controlar las tuber\u00edas de agua o regar las plantas \u2013 y darle vida a la finca con sus propias ideas e iniciativas. Adem\u00e1s, existe la posibilidad de explorar diferentes oportunidades para obtener ingresos adicionales, por ejemplo a trav\u00e9s de la venta de productos de bosque y huertos, el alojamiento r\u00fastico de turistas, seminarios etc. Para esto se requiere un periodo de entrenamiento y familiarizaci\u00f3n.<\/p>\n\n\n\n<p>Adem\u00e1s en algunos momentos del a\u00f1o estamos agradecidos por apoyo \u2013 por ejemplo, durante la cosecha de casta\u00f1os en octubre, la cosecha de aceitunas en noviembre o durante fases de renovaci\u00f3n y restructuraci\u00f3n de la casa. Para estas estad\u00edas m\u00e1s cortas no hay m\u00e1s requisitos que la voluntad de colaborar y nuestra capacidad de recibirte.<\/p>\n\n\n\n<p>Si est\u00e1s interesado en colaborar de una u otra manera, \u00a1<a href=\"https:\/\/alharia.com\/es\/kontakt\/\">nos alegra recibir tu correo<\/a>!<\/p>\n\n\n\n<figure class=\"wp-block-image\"><img loading=\"lazy\" width=\"1024\" height=\"768\" src=\"https:\/\/alharia.com\/wp-content\/uploads\/2019\/01\/P1030902_red2-1024x768.jpg\" alt=\"\" class=\"wp-image-364\" srcset=\"https:\/\/alharia.com\/wp-content\/uploads\/2019\/01\/P1030902_red2-1024x768.jpg 1024w, https:\/\/alharia.com\/wp-content\/uploads\/2019\/01\/P1030902_red2-300x225.jpg 300w, https:\/\/alharia.com\/wp-content\/uploads\/2019\/01\/P1030902_red2-768x576.jpg 768w, https:\/\/alharia.com\/wp-content\/uploads\/2019\/01\/P1030902_red2.jpg 1632w\" sizes=\"(max-width: 706px) 89vw, (max-width: 767px) 82vw, 740px\" \/><\/figure>\n","protected":false},"excerpt":{"rendered":"<p>Existen dos maneras de colaborar en la Alhar\u00eda. Por un lado buscamos personas que se quedan en la Alhar\u00eda para cuidar la finca de manera independiente, ya que actualmente tenemos nuestras bases en Alemania y Austria y no podemos pasar m\u00e1s de 6 meses al a\u00f1o en la finca. Cuidar la finca significa realizar de &hellip; <\/p>\n<p class=\"link-more\"><a href=\"https:\/\/alharia.com\/es\/mitmachen\/\" class=\"more-link\">Continue reading<span class=\"screen-reader-text\"> &#8220;C\u00f3mo colaborar&#8221;<\/span><\/a><\/p>\n","protected":false},"author":7,"featured_media":0,"parent":0,"menu_order":0,"comment_status":"closed","ping_status":"closed","template":"","meta":[],"translation":{"provider":"WPGlobus","version":"3.0.1","language":"es","enabled_languages":["de","en","es"],"languages":{"de":{"title":true,"content":true,"excerpt":false},"en":{"title":true,"content":true,"excerpt":false},"es":{"title":true,"content":true,"excerpt":false}}},"_links":{"self":[{"href":"https:\/\/alharia.com\/es\/wp-json\/wp\/v2\/pages\/171"}],"collection":[{"href":"https:\/\/alharia.com\/es\/wp-json\/wp\/v2\/pages"}],"about":[{"href":"https:\/\/alharia.com\/es\/wp-json\/wp\/v2\/types\/page"}],"author":[{"embeddable":true,"href":"https:\/\/alharia.com\/es\/wp-json\/wp\/v2\/users\/7"}],"replies":[{"embeddable":true,"href":"https:\/\/alharia.com\/es\/wp-json\/wp\/v2\/comments?post=171"}],"version-history":[{"count":25,"href":"https:\/\/alharia.com\/es\/wp-json\/wp\/v2\/pages\/171\/revisions"}],"predecessor-version":[{"id":690,"href":"https:\/\/alharia.com\/es\/wp-json\/wp\/v2\/pages\/171\/revisions\/690"}],"wp:attachment":[{"href":"https:\/\/alharia.com\/es\/wp-json\/wp\/v2\/media?parent=171"}],"curies":[{"name":"wp","href":"https:\/\/api.w.org\/{rel}","templated":true}]}}