{"id":7,"date":"2018-03-19T09:53:34","date_gmt":"2018-03-19T09:53:34","guid":{"rendered":"https:\/\/alharia.com\/?page_id=7"},"modified":"2019-09-15T19:34:03","modified_gmt":"2019-09-15T19:34:03","slug":"startseite","status":"publish","type":"page","link":"https:\/\/alharia.com\/es\/","title":{"rendered":"Inicio"},"content":{"rendered":"\n<p>La Alhar\u00eda\nes una finca morisca de 500 a\u00f1os en el verde Valle del Genal en Andaluc\u00eda. Los\ncuatro hermanos \u2013 Laura, Jakob, Anjoulie y Akbar \u2013 asumimos junto con nuestras\nparejas la responsabilidad sobre la Alhar\u00eda de nuestro padre Homayun en enero\ndel 2019. Decidimos mantener la finca para verla crecer y seguir utiliz\u00e1ndola\ncomo punto de encuentro para la familia, los amigos y las visitas. <\/p>\n\n\n\n<p>Actualmente no podemos pasar mucho m\u00e1s de 6 meses al a\u00f1o en la finca, por lo cual estamos buscando posibilidades de mantenerla durante todo el a\u00f1o. All\u00ed confiamos en una de sus grandes fortalezas: la de atraer a personas que buscan intercambiar, inspirarse y ampliar su horizonte, personas que disfrutan de la vida con la naturaleza y de la tranquilidad, y personas apasionadas de actividades artesanales, agr\u00edcolas o forestales o que desean retirarse de la vida cotidiana <a href=\"https:\/\/alharia.com\/es\/mitmachen\/\">y que quieren contribuir la Alhar\u00eda<\/a>. <\/p>\n","protected":false},"excerpt":{"rendered":"<p>La Alhar\u00eda es una finca morisca de 500 a\u00f1os en el verde Valle del Genal en Andaluc\u00eda. Los cuatro hermanos \u2013 Laura, Jakob, Anjoulie y Akbar \u2013 asumimos junto con nuestras parejas la responsabilidad sobre la Alhar\u00eda de nuestro padre Homayun en enero del 2019. Decidimos mantener la finca para verla crecer y seguir utiliz\u00e1ndola &hellip; <\/p>\n<p class=\"link-more\"><a href=\"https:\/\/alharia.com\/es\/\" class=\"more-link\">Continue reading<span class=\"screen-reader-text\"> &#8220;Inicio&#8221;<\/span><\/a><\/p>\n","protected":false},"author":1,"featured_media":0,"parent":0,"menu_order":0,"comment_status":"closed","ping_status":"closed","template":"","meta":[],"translation":{"provider":"WPGlobus","version":"3.0.1","language":"es","enabled_languages":["de","en","es"],"languages":{"de":{"title":true,"content":true,"excerpt":false},"en":{"title":true,"content":true,"excerpt":false},"es":{"title":true,"content":true,"excerpt":false}}},"_links":{"self":[{"href":"https:\/\/alharia.com\/es\/wp-json\/wp\/v2\/pages\/7"}],"collection":[{"href":"https:\/\/alharia.com\/es\/wp-json\/wp\/v2\/pages"}],"about":[{"href":"https:\/\/alharia.com\/es\/wp-json\/wp\/v2\/types\/page"}],"author":[{"embeddable":true,"href":"https:\/\/alharia.com\/es\/wp-json\/wp\/v2\/users\/1"}],"replies":[{"embeddable":true,"href":"https:\/\/alharia.com\/es\/wp-json\/wp\/v2\/comments?post=7"}],"version-history":[{"count":20,"href":"https:\/\/alharia.com\/es\/wp-json\/wp\/v2\/pages\/7\/revisions"}],"predecessor-version":[{"id":687,"href":"https:\/\/alharia.com\/es\/wp-json\/wp\/v2\/pages\/7\/revisions\/687"}],"wp:attachment":[{"href":"https:\/\/alharia.com\/es\/wp-json\/wp\/v2\/media?parent=7"}],"curies":[{"name":"wp","href":"https:\/\/api.w.org\/{rel}","templated":true}]}}